{"id":182,"date":"2025-07-07T15:07:20","date_gmt":"2025-07-07T12:07:20","guid":{"rendered":"https:\/\/www.milliconcept.fi\/huonekalut\/?page_id=182"},"modified":"2026-02-09T14:57:45","modified_gmt":"2026-02-09T12:57:45","slug":"suunnittelu","status":"publish","type":"page","link":"https:\/\/www.milliconcept.fi\/huonekalut\/suunnittelu\/","title":{"rendered":"suunnittelu"},"content":{"rendered":"\n<div class=\"wp-block-cover\" style=\"min-height:338px;aspect-ratio:unset;\"><img loading=\"lazy\" decoding=\"async\" width=\"1024\" height=\"778\" class=\"wp-block-cover__image-background wp-image-375 size-large\" alt=\"\" src=\"https:\/\/www.milliconcept.fi\/huonekalut\/wp-content\/uploads\/sites\/3\/2025\/07\/BRAVO_Tummasaarni_Valkoinen-2-1-1024x778.jpg\" style=\"object-position:54% 64%\" data-object-fit=\"cover\" data-object-position=\"54% 64%\" srcset=\"https:\/\/www.milliconcept.fi\/huonekalut\/wp-content\/uploads\/sites\/3\/2025\/07\/BRAVO_Tummasaarni_Valkoinen-2-1-1024x778.jpg 1024w, https:\/\/www.milliconcept.fi\/huonekalut\/wp-content\/uploads\/sites\/3\/2025\/07\/BRAVO_Tummasaarni_Valkoinen-2-1-300x228.jpg 300w, https:\/\/www.milliconcept.fi\/huonekalut\/wp-content\/uploads\/sites\/3\/2025\/07\/BRAVO_Tummasaarni_Valkoinen-2-1-768x583.jpg 768w, https:\/\/www.milliconcept.fi\/huonekalut\/wp-content\/uploads\/sites\/3\/2025\/07\/BRAVO_Tummasaarni_Valkoinen-2-1.jpg 1280w\" sizes=\"auto, (max-width: 1024px) 100vw, 1024px\" \/><span aria-hidden=\"true\" class=\"wp-block-cover__background has-black-background-color has-background-dim-20 has-background-dim\"><\/span><div class=\"wp-block-cover__inner-container is-layout-constrained wp-block-cover-is-layout-constrained\">\n<h1 class=\"wp-block-heading has-text-align-center has-medium-font-size\">Mittamuuntuvien kalusteratkaisujen suunnittelu<\/h1>\n<\/div><\/div>\n\n\n\n<div style=\"height:25px\" aria-hidden=\"true\" class=\"wp-block-spacer\"><\/div>\n\n\n\n<div class=\"wp-block-cover is-light is-style-more-padding\"><span aria-hidden=\"true\" class=\"wp-block-cover__background has-hiekka-2-background-color has-background-dim-100 has-background-dim\"><\/span><div class=\"wp-block-cover__inner-container is-layout-constrained wp-block-cover-is-layout-constrained\">\n<div class=\"wp-block-columns is-layout-flex wp-container-core-columns-is-layout-9d6595d7 wp-block-columns-is-layout-flex\">\n<div class=\"wp-block-column is-layout-flow wp-block-column-is-layout-flow\">\n<div style=\"height:50px\" aria-hidden=\"true\" class=\"wp-block-spacer\"><\/div>\n\n\n\n<h2 class=\"wp-block-heading\">Suunnittele ainutlaatuinen kalusteratkaisu<\/h2>\n\n\n\n<p>Ratkaise kalustamisen haasteet mittamuuntuvuudella! Suunnittele omann\u00e4k\u00f6isesi huonekalu omilla mitoilla, omilla v\u00e4reill\u00e4 &#8211; juuri sinun tarpeisiisi sopivana.<\/p>\n\n\n\n<div class=\"wp-block-buttons is-layout-flex wp-block-buttons-is-layout-flex\">\n<div class=\"wp-block-button\"><a class=\"wp-block-button__link wp-element-button\" href=\"https:\/\/milliconcept.aino.ar\/\">Kokeile MilliStudiota<\/a><\/div>\n<\/div>\n\n\n\n<div aria-hidden=\"true\" class=\"wp-block-fsb-flexible-spacer fsb-flexible-spacer\"><div class=\"fsb-flexible-spacer__device fsb-flexible-spacer__device--lg\" style=\"height:50px\"><\/div><div class=\"fsb-flexible-spacer__device fsb-flexible-spacer__device--md\" style=\"height:0px\"><\/div><div class=\"fsb-flexible-spacer__device fsb-flexible-spacer__device--sm\" style=\"height:0px\"><\/div><\/div>\n<\/div>\n\n\n\n<div class=\"wp-block-column is-layout-flow wp-block-column-is-layout-flow\" style=\"flex-basis:50%\">\n<div class=\"wp-block-cover is-light\" style=\"min-height:324px;aspect-ratio:unset;\"><img decoding=\"async\" class=\"wp-block-cover__image-background wp-image-2731 size-full\" alt=\"\" src=\"https:\/\/www.milliconcept.fi\/wp-content\/uploads\/2025\/09\/Milli-Concept-1.jpg\" data-object-fit=\"cover\"\/><span aria-hidden=\"true\" class=\"wp-block-cover__background has-background-dim-0 has-background-dim\" style=\"background-color:#91877d\"><\/span><div class=\"wp-block-cover__inner-container is-layout-flow wp-block-cover-is-layout-flow\">\n<p class=\"has-text-align-center is-style-default has-paperi-color has-text-color has-link-color has-large-font-size wp-elements-020098665afb1407a00d4a20293a2e32\"><\/p>\n<\/div><\/div>\n<\/div>\n<\/div>\n<\/div><\/div>\n\n\n\n<p class=\"has-text-align-center\"><\/p>\n\n\n\n<div style=\"height:58px\" aria-hidden=\"true\" class=\"wp-block-spacer\"><\/div>\n\n\n\n<p class=\"has-text-align-center\"><\/p>\n\n\n<p><!-- Koalendar Inline Embed Start --><\/p>\n<div id=\"inline-widget-varaa-etatapaaminen-milli-concept-kalustesuunnitteluun\"><\/div>\n<p><script>window.Koalendar=window.Koalendar||function(){(Koalendar.props=Koalendar.props||[]).push(arguments)};<\/script><br \/>\n<script async src=\"https:\/\/koalendar.com\/assets\/widget.js\"><\/script><br \/>\n<script>Koalendar('inline', {\"url\":\"https:\/\/koalendar.com\/e\/varaa-etatapaaminen-milli-concept-kalustesuunnitteluun\",\"selector\":\"#inline-widget-varaa-etatapaaminen-milli-concept-kalustesuunnitteluun\"});<\/script><br \/>\n<!-- Koalendar Inline Embed End --><\/p>\n\n\n\n<p class=\"has-text-align-center\"><\/p>\n\n\n\n<p class=\"has-text-align-center\">Mik\u00e4li et l\u00f6yd\u00e4 sopivaa aikaa, otathan yhteytt\u00e4 alla olevan lomakkeen kautta.<\/p>\n\n\n\n<div style=\"height:58px\" aria-hidden=\"true\" class=\"wp-block-spacer\"><\/div>\n\n\n\n<h2 class=\"wp-block-heading\">Ota yhteytt\u00e4 tai pyyd\u00e4 tarjous<\/h2>\n\n\n\n<div class=\"wp-block-contact-form-7-contact-form-selector\">\n<div class=\"wpcf7 no-js\" id=\"wpcf7-f4-o1\" lang=\"fi\" dir=\"ltr\" data-wpcf7-id=\"4\">\n<div class=\"screen-reader-response\"><p role=\"status\" aria-live=\"polite\" aria-atomic=\"true\"><\/p> <ul><\/ul><\/div>\n<form action=\"\/huonekalut\/wp-json\/wp\/v2\/pages\/182#wpcf7-f4-o1\" method=\"post\" class=\"wpcf7-form init\" aria-label=\"Yhteydenottolomake\" enctype=\"multipart\/form-data\" novalidate=\"novalidate\" data-status=\"init\">\n<fieldset class=\"hidden-fields-container\"><input type=\"hidden\" name=\"_wpcf7\" value=\"4\" \/><input type=\"hidden\" name=\"_wpcf7_version\" value=\"6.1.5\" \/><input type=\"hidden\" name=\"_wpcf7_locale\" value=\"fi\" \/><input type=\"hidden\" name=\"_wpcf7_unit_tag\" value=\"wpcf7-f4-o1\" \/><input type=\"hidden\" name=\"_wpcf7_container_post\" value=\"0\" \/><input type=\"hidden\" name=\"_wpcf7_posted_data_hash\" value=\"\" \/>\n<\/fieldset>\n<p><label> Etu- ja sukunimi<br \/>\n<span class=\"wpcf7-form-control-wrap\" data-name=\"your-name\"><input size=\"40\" maxlength=\"400\" class=\"wpcf7-form-control wpcf7-text wpcf7-validates-as-required\" autocomplete=\"name\" aria-required=\"true\" aria-invalid=\"false\" value=\"\" type=\"text\" name=\"your-name\" \/><\/span> <\/label>\n<\/p>\n<p><label> Puhelinnumero<br \/>\n<span class=\"wpcf7-form-control-wrap\" data-name=\"tel-774\"><input size=\"40\" maxlength=\"400\" class=\"wpcf7-form-control wpcf7-tel wpcf7-validates-as-required wpcf7-text wpcf7-validates-as-tel\" aria-required=\"true\" aria-invalid=\"false\" value=\"\" type=\"tel\" name=\"tel-774\" \/><\/span> <\/label>\n<\/p>\n<p><label> S\u00e4hk\u00f6postiosoite<br \/>\n<span class=\"wpcf7-form-control-wrap\" data-name=\"your-email\"><input size=\"40\" maxlength=\"400\" class=\"wpcf7-form-control wpcf7-email wpcf7-validates-as-required wpcf7-text wpcf7-validates-as-email\" autocomplete=\"email\" aria-required=\"true\" aria-invalid=\"false\" value=\"\" type=\"email\" name=\"your-email\" \/><\/span> <\/label>\n<\/p>\n<p><label> Paikkakunta<br \/>\n<span class=\"wpcf7-form-control-wrap\" data-name=\"Paikkakunta\"><input size=\"40\" maxlength=\"400\" class=\"wpcf7-form-control wpcf7-text wpcf7-validates-as-required\" aria-required=\"true\" aria-invalid=\"false\" value=\"\" type=\"text\" name=\"Paikkakunta\" \/><\/span> <\/label>\n<\/p>\n<p><label> Viestisi (valinnainen)<br \/>\n<span class=\"wpcf7-form-control-wrap\" data-name=\"your-message\"><textarea cols=\"40\" rows=\"10\" maxlength=\"2000\" class=\"wpcf7-form-control wpcf7-textarea\" aria-invalid=\"false\" name=\"your-message\"><\/textarea><\/span> <\/label>\n<\/p>\n<p><span class=\"wpcf7-form-control-wrap\" data-name=\"file-457\"><input size=\"40\" class=\"wpcf7-form-control wpcf7-file\" accept=\"audio\/*,video\/*,image\/*\" aria-invalid=\"false\" type=\"file\" name=\"file-457\" \/><\/span>\n<\/p>\n<div class=\"info\">\n\t<p>L\u00e4hett\u00e4m\u00e4ll\u00e4 lomakkeen my\u00f6nn\u00e4n Suomen kalustetehdas Oy:lle luvan k\u00e4ytt\u00e4\u00e4 henkil\u00f6tietojani <a href=\"https:\/\/www.milliconcept.fi\/huonekalut\/tietosuojaseloste\/\" target=\"_blank\">tietosuojaselosteessa<\/a> kuvatulla tavalla.*\n\t<\/p>\n<\/div>\n<input class=\"wpcf7-form-control wpcf7-hidden\" value=\"\" type=\"hidden\" name=\"page-url\" \/>\n<p><input class=\"wpcf7-form-control wpcf7-submit has-spinner\" type=\"submit\" value=\"L\u00e4het\u00e4\" \/>\n<\/p><div class=\"wpcf7-response-output\" aria-hidden=\"true\"><\/div>\n<\/form>\n<\/div>\n<\/div>\n\n\n\n<p><\/p>\n\n\n\n<div class=\"wp-block-cover is-light is-style-more-padding\"><span aria-hidden=\"true\" class=\"wp-block-cover__background has-oliivi-background-color has-background-dim-100 has-background-dim\"><\/span><div class=\"wp-block-cover__inner-container is-layout-constrained wp-block-cover-is-layout-constrained\">\n<div class=\"wp-block-columns is-layout-flex wp-container-core-columns-is-layout-9d6595d7 wp-block-columns-is-layout-flex\">\n<div class=\"wp-block-column is-layout-flow wp-block-column-is-layout-flow\" style=\"flex-basis:50%\">\n<div class=\"wp-block-cover is-light\" style=\"min-height:400px;aspect-ratio:unset;\"><img loading=\"lazy\" decoding=\"async\" width=\"1024\" height=\"819\" class=\"wp-block-cover__image-background wp-image-191 size-large\" alt=\"\" src=\"https:\/\/www.milliconcept.fi\/huonekalut\/wp-content\/uploads\/sites\/3\/2025\/07\/MilliConceptKeittiot-9-1024x819.jpg\" data-object-fit=\"cover\" srcset=\"https:\/\/www.milliconcept.fi\/huonekalut\/wp-content\/uploads\/sites\/3\/2025\/07\/MilliConceptKeittiot-9-1024x819.jpg 1024w, https:\/\/www.milliconcept.fi\/huonekalut\/wp-content\/uploads\/sites\/3\/2025\/07\/MilliConceptKeittiot-9-300x240.jpg 300w, https:\/\/www.milliconcept.fi\/huonekalut\/wp-content\/uploads\/sites\/3\/2025\/07\/MilliConceptKeittiot-9-768x614.jpg 768w, https:\/\/www.milliconcept.fi\/huonekalut\/wp-content\/uploads\/sites\/3\/2025\/07\/MilliConceptKeittiot-9-1536x1229.jpg 1536w, https:\/\/www.milliconcept.fi\/huonekalut\/wp-content\/uploads\/sites\/3\/2025\/07\/MilliConceptKeittiot-9.jpg 2000w\" sizes=\"auto, (max-width: 1024px) 100vw, 1024px\" \/><span aria-hidden=\"true\" class=\"wp-block-cover__background has-background-dim-0 has-background-dim\" style=\"background-color:#9c9487\"><\/span><div class=\"wp-block-cover__inner-container is-layout-flow wp-block-cover-is-layout-flow\">\n<p class=\"has-text-align-center has-large-font-size\"><\/p>\n<\/div><\/div>\n<\/div>\n\n\n\n<div class=\"wp-block-column is-layout-flow wp-block-column-is-layout-flow\">\n<div style=\"height:42px\" aria-hidden=\"true\" class=\"wp-block-spacer\"><\/div>\n\n\n\n<h2 class=\"wp-block-heading\">Juuri sinulle tehty.<\/h2>\n\n\n\n<p>Milli Conceptin asiantunteva tiimi auttaa sinua suunnittelemaan kalusteet, jotka ovat kauniita, k\u00e4yt\u00e4nn\u00f6llisi\u00e4 ja juuri sinun tarpeidesi mukaan toteutettu. Visualisoimme yhdess\u00e4 ideasi yksityiskohtaisilla 3D-piirustuksilla ja luomme suunnitelman, joka on millilleen mitoitettu tarpeisiisi.<\/p>\n\n\n\n<div aria-hidden=\"true\" class=\"wp-block-fsb-flexible-spacer fsb-flexible-spacer\"><div class=\"fsb-flexible-spacer__device fsb-flexible-spacer__device--lg\" style=\"height:50px\"><\/div><div class=\"fsb-flexible-spacer__device fsb-flexible-spacer__device--md\" style=\"height:0px\"><\/div><div class=\"fsb-flexible-spacer__device fsb-flexible-spacer__device--sm\" style=\"height:0px\"><\/div><\/div>\n<\/div>\n<\/div>\n<\/div><\/div>\n","protected":false},"excerpt":{"rendered":"<p>Mik\u00e4li et l\u00f6yd\u00e4 sopivaa aikaa, otathan yhteytt\u00e4 alla olevan lomakkeen kautta. Ota yhteytt\u00e4 tai pyyd\u00e4 tarjous<\/p>\n","protected":false},"author":3,"featured_media":0,"parent":0,"menu_order":0,"comment_status":"closed","ping_status":"closed","template":"","meta":{"_acf_changed":false,"footnotes":""},"class_list":["post-182","page","type-page","status-publish","hentry"],"acf":[],"yoast_head":"<!-- This site is optimized with the Yoast SEO plugin v27.4 - https:\/\/yoast.com\/product\/yoast-seo-wordpress\/ -->\n<title>suunnittelu - Milli Concept Huonekalut<\/title>\n<meta name=\"robots\" content=\"index, follow, max-snippet:-1, max-image-preview:large, max-video-preview:-1\" \/>\n<link rel=\"canonical\" href=\"https:\/\/www.milliconcept.fi\/huonekalut\/suunnittelu\/\" \/>\n<meta property=\"og:locale\" content=\"fi_FI\" \/>\n<meta property=\"og:type\" content=\"article\" \/>\n<meta property=\"og:title\" content=\"suunnittelu - Milli Concept Huonekalut\" \/>\n<meta property=\"og:description\" content=\"Mik\u00e4li et l\u00f6yd\u00e4 sopivaa aikaa, otathan yhteytt\u00e4 alla olevan lomakkeen kautta. Ota yhteytt\u00e4 tai pyyd\u00e4 tarjous\" \/>\n<meta property=\"og:url\" content=\"https:\/\/www.milliconcept.fi\/huonekalut\/suunnittelu\/\" \/>\n<meta property=\"og:site_name\" content=\"Milli Concept Huonekalut\" \/>\n<meta property=\"article:modified_time\" content=\"2026-02-09T12:57:45+00:00\" \/>\n<meta property=\"og:image\" content=\"https:\/\/www.milliconcept.fi\/huonekalut\/wp-content\/uploads\/sites\/3\/2025\/07\/BRAVO_Tummasaarni_Valkoinen-2-1.jpg\" \/>\n\t<meta property=\"og:image:width\" content=\"1280\" \/>\n\t<meta property=\"og:image:height\" content=\"972\" \/>\n\t<meta property=\"og:image:type\" content=\"image\/jpeg\" \/>\n<meta name=\"twitter:card\" content=\"summary_large_image\" \/>\n<meta name=\"twitter:label1\" content=\"Arvioitu lukuaika\" \/>\n\t<meta name=\"twitter:data1\" content=\"2 minuuttia\" \/>\n<script type=\"application\/ld+json\" class=\"yoast-schema-graph\">{\"@context\":\"https:\\\/\\\/schema.org\",\"@graph\":[{\"@type\":\"WebPage\",\"@id\":\"https:\\\/\\\/www.milliconcept.fi\\\/huonekalut\\\/suunnittelu\\\/\",\"url\":\"https:\\\/\\\/www.milliconcept.fi\\\/huonekalut\\\/suunnittelu\\\/\",\"name\":\"suunnittelu - Milli Concept Huonekalut\",\"isPartOf\":{\"@id\":\"https:\\\/\\\/www.milliconcept.fi\\\/huonekalut\\\/#website\"},\"primaryImageOfPage\":{\"@id\":\"https:\\\/\\\/www.milliconcept.fi\\\/huonekalut\\\/suunnittelu\\\/#primaryimage\"},\"image\":{\"@id\":\"https:\\\/\\\/www.milliconcept.fi\\\/huonekalut\\\/suunnittelu\\\/#primaryimage\"},\"thumbnailUrl\":\"https:\\\/\\\/www.milliconcept.fi\\\/huonekalut\\\/wp-content\\\/uploads\\\/sites\\\/3\\\/2025\\\/07\\\/BRAVO_Tummasaarni_Valkoinen-2-1-1024x778.jpg\",\"datePublished\":\"2025-07-07T12:07:20+00:00\",\"dateModified\":\"2026-02-09T12:57:45+00:00\",\"breadcrumb\":{\"@id\":\"https:\\\/\\\/www.milliconcept.fi\\\/huonekalut\\\/suunnittelu\\\/#breadcrumb\"},\"inLanguage\":\"fi\",\"potentialAction\":[{\"@type\":\"ReadAction\",\"target\":[\"https:\\\/\\\/www.milliconcept.fi\\\/huonekalut\\\/suunnittelu\\\/\"]}]},{\"@type\":\"ImageObject\",\"inLanguage\":\"fi\",\"@id\":\"https:\\\/\\\/www.milliconcept.fi\\\/huonekalut\\\/suunnittelu\\\/#primaryimage\",\"url\":\"https:\\\/\\\/www.milliconcept.fi\\\/huonekalut\\\/wp-content\\\/uploads\\\/sites\\\/3\\\/2025\\\/07\\\/BRAVO_Tummasaarni_Valkoinen-2-1.jpg\",\"contentUrl\":\"https:\\\/\\\/www.milliconcept.fi\\\/huonekalut\\\/wp-content\\\/uploads\\\/sites\\\/3\\\/2025\\\/07\\\/BRAVO_Tummasaarni_Valkoinen-2-1.jpg\",\"width\":1280,\"height\":972},{\"@type\":\"BreadcrumbList\",\"@id\":\"https:\\\/\\\/www.milliconcept.fi\\\/huonekalut\\\/suunnittelu\\\/#breadcrumb\",\"itemListElement\":[{\"@type\":\"ListItem\",\"position\":1,\"name\":\"Etusivu\",\"item\":\"https:\\\/\\\/www.milliconcept.fi\\\/huonekalut\\\/\"},{\"@type\":\"ListItem\",\"position\":2,\"name\":\"suunnittelu\"}]},{\"@type\":\"WebSite\",\"@id\":\"https:\\\/\\\/www.milliconcept.fi\\\/huonekalut\\\/#website\",\"url\":\"https:\\\/\\\/www.milliconcept.fi\\\/huonekalut\\\/\",\"name\":\"Milli Concept Huonekalut\",\"description\":\"\",\"potentialAction\":[{\"@type\":\"SearchAction\",\"target\":{\"@type\":\"EntryPoint\",\"urlTemplate\":\"https:\\\/\\\/www.milliconcept.fi\\\/huonekalut\\\/?s={search_term_string}\"},\"query-input\":{\"@type\":\"PropertyValueSpecification\",\"valueRequired\":true,\"valueName\":\"search_term_string\"}}],\"inLanguage\":\"fi\"}]}<\/script>\n<!-- \/ Yoast SEO plugin. -->","yoast_head_json":{"title":"suunnittelu - Milli Concept Huonekalut","robots":{"index":"index","follow":"follow","max-snippet":"max-snippet:-1","max-image-preview":"max-image-preview:large","max-video-preview":"max-video-preview:-1"},"canonical":"https:\/\/www.milliconcept.fi\/huonekalut\/suunnittelu\/","og_locale":"fi_FI","og_type":"article","og_title":"suunnittelu - Milli Concept Huonekalut","og_description":"Mik\u00e4li et l\u00f6yd\u00e4 sopivaa aikaa, otathan yhteytt\u00e4 alla olevan lomakkeen kautta. Ota yhteytt\u00e4 tai pyyd\u00e4 tarjous","og_url":"https:\/\/www.milliconcept.fi\/huonekalut\/suunnittelu\/","og_site_name":"Milli Concept Huonekalut","article_modified_time":"2026-02-09T12:57:45+00:00","og_image":[{"width":1280,"height":972,"url":"https:\/\/www.milliconcept.fi\/huonekalut\/wp-content\/uploads\/sites\/3\/2025\/07\/BRAVO_Tummasaarni_Valkoinen-2-1.jpg","type":"image\/jpeg"}],"twitter_card":"summary_large_image","twitter_misc":{"Arvioitu lukuaika":"2 minuuttia"},"schema":{"@context":"https:\/\/schema.org","@graph":[{"@type":"WebPage","@id":"https:\/\/www.milliconcept.fi\/huonekalut\/suunnittelu\/","url":"https:\/\/www.milliconcept.fi\/huonekalut\/suunnittelu\/","name":"suunnittelu - Milli Concept Huonekalut","isPartOf":{"@id":"https:\/\/www.milliconcept.fi\/huonekalut\/#website"},"primaryImageOfPage":{"@id":"https:\/\/www.milliconcept.fi\/huonekalut\/suunnittelu\/#primaryimage"},"image":{"@id":"https:\/\/www.milliconcept.fi\/huonekalut\/suunnittelu\/#primaryimage"},"thumbnailUrl":"https:\/\/www.milliconcept.fi\/huonekalut\/wp-content\/uploads\/sites\/3\/2025\/07\/BRAVO_Tummasaarni_Valkoinen-2-1-1024x778.jpg","datePublished":"2025-07-07T12:07:20+00:00","dateModified":"2026-02-09T12:57:45+00:00","breadcrumb":{"@id":"https:\/\/www.milliconcept.fi\/huonekalut\/suunnittelu\/#breadcrumb"},"inLanguage":"fi","potentialAction":[{"@type":"ReadAction","target":["https:\/\/www.milliconcept.fi\/huonekalut\/suunnittelu\/"]}]},{"@type":"ImageObject","inLanguage":"fi","@id":"https:\/\/www.milliconcept.fi\/huonekalut\/suunnittelu\/#primaryimage","url":"https:\/\/www.milliconcept.fi\/huonekalut\/wp-content\/uploads\/sites\/3\/2025\/07\/BRAVO_Tummasaarni_Valkoinen-2-1.jpg","contentUrl":"https:\/\/www.milliconcept.fi\/huonekalut\/wp-content\/uploads\/sites\/3\/2025\/07\/BRAVO_Tummasaarni_Valkoinen-2-1.jpg","width":1280,"height":972},{"@type":"BreadcrumbList","@id":"https:\/\/www.milliconcept.fi\/huonekalut\/suunnittelu\/#breadcrumb","itemListElement":[{"@type":"ListItem","position":1,"name":"Etusivu","item":"https:\/\/www.milliconcept.fi\/huonekalut\/"},{"@type":"ListItem","position":2,"name":"suunnittelu"}]},{"@type":"WebSite","@id":"https:\/\/www.milliconcept.fi\/huonekalut\/#website","url":"https:\/\/www.milliconcept.fi\/huonekalut\/","name":"Milli Concept Huonekalut","description":"","potentialAction":[{"@type":"SearchAction","target":{"@type":"EntryPoint","urlTemplate":"https:\/\/www.milliconcept.fi\/huonekalut\/?s={search_term_string}"},"query-input":{"@type":"PropertyValueSpecification","valueRequired":true,"valueName":"search_term_string"}}],"inLanguage":"fi"}]}},"_links":{"self":[{"href":"https:\/\/www.milliconcept.fi\/huonekalut\/wp-json\/wp\/v2\/pages\/182","targetHints":{"allow":["GET"]}}],"collection":[{"href":"https:\/\/www.milliconcept.fi\/huonekalut\/wp-json\/wp\/v2\/pages"}],"about":[{"href":"https:\/\/www.milliconcept.fi\/huonekalut\/wp-json\/wp\/v2\/types\/page"}],"author":[{"embeddable":true,"href":"https:\/\/www.milliconcept.fi\/huonekalut\/wp-json\/wp\/v2\/users\/3"}],"replies":[{"embeddable":true,"href":"https:\/\/www.milliconcept.fi\/huonekalut\/wp-json\/wp\/v2\/comments?post=182"}],"version-history":[{"count":20,"href":"https:\/\/www.milliconcept.fi\/huonekalut\/wp-json\/wp\/v2\/pages\/182\/revisions"}],"predecessor-version":[{"id":3838,"href":"https:\/\/www.milliconcept.fi\/huonekalut\/wp-json\/wp\/v2\/pages\/182\/revisions\/3838"}],"wp:attachment":[{"href":"https:\/\/www.milliconcept.fi\/huonekalut\/wp-json\/wp\/v2\/media?parent=182"}],"curies":[{"name":"wp","href":"https:\/\/api.w.org\/{rel}","templated":true}]}}