{"id":489,"date":"2025-07-11T10:47:12","date_gmt":"2025-07-11T07:47:12","guid":{"rendered":"https:\/\/www.milliconcept.fi\/huonekalut\/?page_id=489"},"modified":"2026-02-09T14:55:32","modified_gmt":"2026-02-09T12:55:32","slug":"jalleenmyyjat","status":"publish","type":"page","link":"https:\/\/www.milliconcept.fi\/huonekalut\/jalleenmyyjat\/","title":{"rendered":"J\u00e4lleenmyyj\u00e4t"},"content":{"rendered":"\n<div style=\"height:49px\" aria-hidden=\"true\" class=\"wp-block-spacer\"><\/div>\n\n\n\n<p class=\"has-text-align-left\"><\/p>\n\n\n\n<h2 class=\"wp-block-heading\">Etsi l\u00e4hin Milli Concept -j\u00e4lleenmyyj\u00e4si<\/h2>\n\n\n\n<div class=\"sl-shortcode-block\"><div class=\"input-control blocks-shortcode-textarea sl_shortcode_area\"><style type=\"text\/css\">\nbody #asl-storelocator.asl-cont.asl-template-0 {--sl-font-size: 13px;--sl-title-size: 15px;--sl-btn-size: 13px;--sl-primary: #524947;--sl-header: #F7F7F7;--sl-header-color: #32373c;--sl-infobox-color: #555d66;--sl-infobox-bg: #FFFFFF;--sl-infobox-a: #524947;--sl-action-btn-color: #FFFFFF;--sl-action-btn-bg: #524947;--sl-color: #555d66;--sl-list-bg: #FFFFFF;--sl-list-title: #32373c;--sl-list-sub-title: #6a6a6a;--sl-highlighted: #F7F7F7;}.asl-p-cont .asl-print-btn,.asl-cont .asl-print-btn {display: none !important;}.asl-cont .onoffswitch .onoffswitch-label .onoffswitch-switch:before {\n    content: \"OPEN\" !important;\n}\n\n.asl-cont .onoffswitch .onoffswitch-label .onoffswitch-switch:after {\n    content: \"Kaikki\" !important;\n}\n\n@media (max-width: 767px) {\n    #asl-storelocator.asl-cont .asl-panel {\n        order: 0;\n    }\n}\n\n.asl-cont.sl-search-only .Filter_section+.sl-row {\n    display: none;\n}\n<\/style>\n<div id=\"asl-storelocator\"\n    class=\"storelocator-main asl-cont asl-template-0 asl-layout-0 asl-bg-0 full-width no-asl-filters  asl-text-1\">\n    <div class=\"asl-wrapper\">\n        <div class=\"sl-container-fluid\">\n\n                        <div class=\"sl-gdpr-cont\">\n                <div class=\"gdpr-ol\"><\/div>\n                <div class=\"gdpr-ol-bg\">\n                    <div class=\"gdpr-box\">\n                        <p>GDPR:n vuoksi tarvitsemme suostumuksesi Googlelta tulevien tietojen lataamiseen. Lis\u00e4tietoja l\u00f6yd\u00e4t tietosuojak\u00e4yt\u00e4nn\u00f6st\u00e4mme.<\/p>\n                        <a class=\"btn btn-asl\" id=\"sl-btn-gdpr\">Lataa kartta<\/a>\n                    <\/div>\n                <\/div>\n            <\/div>\n                        <div class=\"sl-row\">\n                <div class=\"pol-12\">\n                    <div class=\"sl-main-cont\">\n                        <div class=\"sl-row no-gutters sl-main-row\">\n                            <div id=\"asl-panel\" class=\"asl-panel pol-md-5 pol-lg-4 asl_locator-panel\">\n                                <div class=\"asl-overlay\" id=\"map-loading\">\n                                    <div class=\"white\"><\/div>\n                                    <div class=\"sl-loading\">\n                                        <i class=\"animate-sl-spin icon-spin3\"><\/i>\n                                        Lataa...                                    <\/div>\n                                <\/div>\n                                <div class=\"inside search_filter\">\n                                    <label for=\"auto-complete-search\"\n                                        class=\"mb-2\">Etsi j\u00e4lleenmyyj\u00e4<\/label>\n                                    <div class=\"asl-store-search input-group d-flex\">\n                                        <input type=\"text\" value=\"\" id=\"auto-complete-search\"\n                                            class=\"asl-search-address form-control\"\n                                            placeholder=\"Hae l\u00e4hin myym\u00e4l\u00e4 sy\u00f6tt\u00e4m\u00e4ll\u00e4 sijaintisi\">\n                                        <div class=\"input-group-append\">\n                                            <button aria-label=\"Etsi j\u00e4lleenmyyj\u00e4\"\n                                                title=\"Etsi j\u00e4lleenmyyj\u00e4\" type=\"button\" class=\"asl-search-event input-group-text span-geo\">\n                                                <i class=\"icon-search\" aria-hidden=\"true\"><\/i>\n                                            <\/button>\n                                        <\/div>\n                                    <\/div>\n                                <\/div>\n                                <!-- list -->\n                                <div class=\"asl-panel-inner\">\n                                    <div class=\"top-title Num_of_store\">\n                                        <span><span\n                                                class=\"sl-head-title\">J\u00e4lleenmyyj\u00e4t<\/span>:\n                                            <span class=\"count-result\">0<\/span><\/span>\n                                                                                <a class=\"asl-print-btn\"><span>PRINT<\/span><span\n                                                class=\"asl-print\"><\/span><\/a>\n                                                                            <\/div>\n                                    <div class=\"sl-main-cont-box\">\n                                        <div id=\"asl-list\" class=\"sl-list-wrapper\">\n                                            <ul id=\"p-statelist\" class=\"sl-list\">\n                                            <\/ul>\n                                        <\/div>\n                                    <\/div>\n                                <\/div>\n\n                                <div class=\"directions-cont hide\">\n                                    <div class=\"agile-modal-header\">\n                                        <button type=\"button\" class=\"close\"><span aria-hidden=\"true\">\u00d7<\/span><\/button>\n                                        <h4>Sijainti<\/h4>\n                                    <\/div>\n                                    <div class=\"rendered-directions\" id=\"asl-rendered-dir\" style=\"direction: ltr;\">\n                                    <\/div>\n                                <\/div>\n                            <\/div>\n                            <div class=\"pol-md-7 pol-lg-8 asl-map\">\n                                <div class=\"map-image\">\n                                    <div id=\"asl-map-canv\" class=\"asl-map-canv\"><\/div>\n                                    <div id=\"agile-modal-direction\" class=\"agile-modal fade\">\n    <div class=\"agile-modal-backdrop-in\"><\/div>\n    <div class=\"agile-modal-dialog in\">\n        <div class=\"agile-modal-content\">\n            <div class=\"sl-form-group d-flex justify-content-between\">\n                <h4>GET DIRECTIONS<\/h4>\n                <button type=\"button\" class=\"close-directions sl-close\" data-dismiss=\"agile-modal\"\n                    aria-label=\"Close\"><i aria-hidden=\"true\" class=\"icon-cancel-1\"><\/i><\/button>\n            <\/div>\n            <div class=\"sl-form-group\">\n                <label for=\"frm-lbl\">From:<\/label>\n                <input type=\"text\" class=\"form-control frm-place\" id=\"frm-lbl\"\n                    placeholder=\"Hae l\u00e4hin myym\u00e4l\u00e4 sy\u00f6tt\u00e4m\u00e4ll\u00e4 sijaintisi\">\n            <\/div>\n            <div class=\"sl-form-group\">\n                <label for=\"to-lbl\">To:<\/label>\n                <input readonly=\"true\" type=\"text\" class=\"directions-to form-control\" id=\"to-lbl\"\n                    placeholder=\"Prepopulated Destination Address\">\n            <\/div>\n            <div class=\"sl-form-group mb-0\">\n                <label for=\"rbtn-km\" class=\"checkbox-inline\">\n                    <input type=\"radio\" name=\"dist-type\" id=\"rbtn-km\" value=\"0\"> Km                <\/label>\n                <label for=\"rbtn-mile\" class=\"checkbox-inline\">\n                    <input type=\"radio\" name=\"dist-type\" checked id=\"rbtn-mile\" value=\"1\">\n                    Miles                <\/label>\n            <\/div>\n            <div class=\"sl-form-group mb-0\">\n                <button type=\"submit\" aria-label=\"GET DIRECTIONS\"\n                    class=\"btn btn-default btn-submit\">GET DIRECTIONS<\/button>\n            <\/div>\n        <\/div>\n    <\/div>\n<\/div>\n\n<div id=\"asl-geolocation-agile-modal\" class=\"agile-modal fade\">\n    <div class=\"agile-modal-backdrop-in\"><\/div>\n    <div class=\"agile-modal-dialog in\">\n        <div class=\"agile-modal-content\">\n                          <div class=\"sl-form-group sl-icon-group\">\n              <button type=\"button\" class=\"close-directions sl-close\" data-dismiss=\"agile-modal\"\n                    aria-label=\"Close\"><i aria-hidden=\"true\" class=\"icon-cancel-1\"><\/i><\/button>\n                <div class=\"sl-loct-icon\">\n                    <svg xmlns=\"http:\/\/www.w3.org\/2000\/svg\" width=\"28\" height=\"28\" viewBox=\"0 0 24 24\" fill=\"none\"\n                        stroke=\"currentColor\" stroke-width=\"2\" stroke-linecap=\"round\" stroke-linejoin=\"round\">\n                        <path\n                            d=\"M20 10c0 4.993-5.539 10.193-7.399 11.799a1 1 0 0 1-1.202 0C9.539 20.193 4 14.993 4 10a8 8 0 0 1 16 0\">\n                        <\/path>\n                        <circle cx=\"12\" cy=\"10\" r=\"3\"><\/circle>\n                    <\/svg>\n                <\/div>\n                <h2>Find Nearby Service Providers<\/h2>\n                <p>Use my location to find the closest Service Provider near me<\/p>\n            <\/div>\n            <div class=\"sl-form-group text-center mb-0\">\n                <button type=\"button\" id=\"asl-btn-geolocation\"\n                    class=\"btn btn-block btn-default\">USE LOCATION<\/button>\n            <\/div>\n                    <\/div>\n    <\/div>\n<\/div>\n\n<div id=\"asl-desc-agile-modal\" class=\"agile-modal fade\">\n    <div class=\"agile-modal-backdrop-in\"><\/div>\n    <div class=\"agile-modal-dialog in\">\n        <div class=\"agile-modal-content\">\n            <div class=\"sl-row\">\n                <div class=\"pol-md-12\">\n                    <div class=\"sl-form-group d-flex justify-content-between\">\n                        <h4 class=\"sl-title\">View Description<\/h4>\n                        <button type=\"button\" class=\"close-directions sl-close\" data-dismiss=\"agile-modal\"\n                            aria-label=\"Close\"><i aria-hidden=\"true\" class=\"icon-cancel-1\"><\/i><\/button>\n                    <\/div>\n                    <div class=\"sl-desc\"><\/div>\n                <\/div>\n            <\/div>\n        <\/div>\n    <\/div>\n<\/div>                                <\/div>\n                            <\/div>\n                        <\/div>\n                    <\/div>\n                <\/div>\n            <\/div>\n        <\/div>\n    <\/div>\n<\/div>\n<!-- This plugin is developed by \"Agile Store Locator for WordPress\" https:\/\/agilestorelocator.com --><\/div><\/div>\n\n\n\n<div style=\"height:42px\" aria-hidden=\"true\" class=\"wp-block-spacer\"><\/div>\n\n\n\n<h2 class=\"wp-block-heading\">Ota yhteytt\u00e4<\/h2>\n\n\n\n<div class=\"wp-block-contact-form-7-contact-form-selector\">\n<div class=\"wpcf7 no-js\" id=\"wpcf7-f4-o1\" lang=\"fi\" dir=\"ltr\" data-wpcf7-id=\"4\">\n<div class=\"screen-reader-response\"><p role=\"status\" aria-live=\"polite\" aria-atomic=\"true\"><\/p> <ul><\/ul><\/div>\n<form action=\"\/huonekalut\/wp-json\/wp\/v2\/pages\/489#wpcf7-f4-o1\" method=\"post\" class=\"wpcf7-form init\" aria-label=\"Yhteydenottolomake\" enctype=\"multipart\/form-data\" novalidate=\"novalidate\" data-status=\"init\">\n<fieldset class=\"hidden-fields-container\"><input type=\"hidden\" name=\"_wpcf7\" value=\"4\" \/><input type=\"hidden\" name=\"_wpcf7_version\" value=\"6.1.5\" \/><input type=\"hidden\" name=\"_wpcf7_locale\" value=\"fi\" \/><input type=\"hidden\" name=\"_wpcf7_unit_tag\" value=\"wpcf7-f4-o1\" \/><input type=\"hidden\" name=\"_wpcf7_container_post\" value=\"0\" \/><input type=\"hidden\" name=\"_wpcf7_posted_data_hash\" value=\"\" \/>\n<\/fieldset>\n<p><label> Etu- ja sukunimi<br \/>\n<span class=\"wpcf7-form-control-wrap\" data-name=\"your-name\"><input size=\"40\" maxlength=\"400\" class=\"wpcf7-form-control wpcf7-text wpcf7-validates-as-required\" autocomplete=\"name\" aria-required=\"true\" aria-invalid=\"false\" value=\"\" type=\"text\" name=\"your-name\" \/><\/span> <\/label>\n<\/p>\n<p><label> Puhelinnumero<br \/>\n<span class=\"wpcf7-form-control-wrap\" data-name=\"tel-774\"><input size=\"40\" maxlength=\"400\" class=\"wpcf7-form-control wpcf7-tel wpcf7-validates-as-required wpcf7-text wpcf7-validates-as-tel\" aria-required=\"true\" aria-invalid=\"false\" value=\"\" type=\"tel\" name=\"tel-774\" \/><\/span> <\/label>\n<\/p>\n<p><label> S\u00e4hk\u00f6postiosoite<br \/>\n<span class=\"wpcf7-form-control-wrap\" data-name=\"your-email\"><input size=\"40\" maxlength=\"400\" class=\"wpcf7-form-control wpcf7-email wpcf7-validates-as-required wpcf7-text wpcf7-validates-as-email\" autocomplete=\"email\" aria-required=\"true\" aria-invalid=\"false\" value=\"\" type=\"email\" name=\"your-email\" \/><\/span> <\/label>\n<\/p>\n<p><label> Paikkakunta<br \/>\n<span class=\"wpcf7-form-control-wrap\" data-name=\"Paikkakunta\"><input size=\"40\" maxlength=\"400\" class=\"wpcf7-form-control wpcf7-text wpcf7-validates-as-required\" aria-required=\"true\" aria-invalid=\"false\" value=\"\" type=\"text\" name=\"Paikkakunta\" \/><\/span> <\/label>\n<\/p>\n<p><label> Viestisi (valinnainen)<br \/>\n<span class=\"wpcf7-form-control-wrap\" data-name=\"your-message\"><textarea cols=\"40\" rows=\"10\" maxlength=\"2000\" class=\"wpcf7-form-control wpcf7-textarea\" aria-invalid=\"false\" name=\"your-message\"><\/textarea><\/span> <\/label>\n<\/p>\n<p><span class=\"wpcf7-form-control-wrap\" data-name=\"file-457\"><input size=\"40\" class=\"wpcf7-form-control wpcf7-file\" accept=\"audio\/*,video\/*,image\/*\" aria-invalid=\"false\" type=\"file\" name=\"file-457\" \/><\/span>\n<\/p>\n<div class=\"info\">\n\t<p>L\u00e4hett\u00e4m\u00e4ll\u00e4 lomakkeen my\u00f6nn\u00e4n Suomen kalustetehdas Oy:lle luvan k\u00e4ytt\u00e4\u00e4 henkil\u00f6tietojani <a href=\"https:\/\/www.milliconcept.fi\/huonekalut\/tietosuojaseloste\/\" target=\"_blank\">tietosuojaselosteessa<\/a> kuvatulla tavalla.*\n\t<\/p>\n<\/div>\n<input class=\"wpcf7-form-control wpcf7-hidden\" value=\"\" type=\"hidden\" name=\"page-url\" \/>\n<p><input class=\"wpcf7-form-control wpcf7-submit has-spinner\" type=\"submit\" value=\"L\u00e4het\u00e4\" \/>\n<\/p><div class=\"wpcf7-response-output\" aria-hidden=\"true\"><\/div>\n<\/form>\n<\/div>\n<\/div>\n\n\n\n<div style=\"height:62px\" aria-hidden=\"true\" class=\"wp-block-spacer\"><\/div>\n\n\n\n<div class=\"wp-block-cover is-light is-style-more-padding\"><span aria-hidden=\"true\" class=\"wp-block-cover__background has-hiekka-2-background-color has-background-dim-100 has-background-dim\"><\/span><div class=\"wp-block-cover__inner-container is-layout-constrained wp-block-cover-is-layout-constrained\">\n<div class=\"wp-block-columns is-layout-flex wp-container-core-columns-is-layout-9d6595d7 wp-block-columns-is-layout-flex\">\n<div class=\"wp-block-column is-layout-flow wp-block-column-is-layout-flow\">\n<div style=\"height:50px\" aria-hidden=\"true\" class=\"wp-block-spacer\"><\/div>\n\n\n\n<h2 class=\"wp-block-heading\">Haluaisitko liitty\u00e4 j\u00e4lleenmyyjiemme joukkoon?<\/h2>\n\n\n\n<p>Etsitk\u00f6 asiakkaillesi laadukkaita, vastuullisia ja kotimaassa valmistettuja huonekaluja ja kalusteita? Liity Milli Conceptin j\u00e4lleenmyyjien joukkoon ja tarjoa asiakkaillesi mittamuuntuvia ratkaisuja yksil\u00f6llisiin koteihin.<\/p>\n\n\n\n<div class=\"wp-block-buttons is-layout-flex wp-block-buttons-is-layout-flex\">\n<div class=\"wp-block-button\"><a class=\"wp-block-button__link wp-element-button\" href=\"https:\/\/www.milliconcept.fi\/huonekalut\/jalleenmyyjaksi\/\">Ryhdy j\u00e4lleenmyyj\u00e4ksi<\/a><\/div>\n<\/div>\n\n\n\n<div aria-hidden=\"true\" class=\"wp-block-fsb-flexible-spacer fsb-flexible-spacer\"><div class=\"fsb-flexible-spacer__device fsb-flexible-spacer__device--lg\" style=\"height:50px\"><\/div><div class=\"fsb-flexible-spacer__device fsb-flexible-spacer__device--md\" style=\"height:0px\"><\/div><div class=\"fsb-flexible-spacer__device fsb-flexible-spacer__device--sm\" style=\"height:0px\"><\/div><\/div>\n<\/div>\n\n\n\n<div class=\"wp-block-column is-layout-flow wp-block-column-is-layout-flow\" style=\"flex-basis:50%\">\n<div class=\"wp-block-cover is-light\" style=\"min-height:324px;aspect-ratio:unset;\"><img loading=\"lazy\" decoding=\"async\" width=\"1024\" height=\"778\" class=\"wp-block-cover__image-background wp-image-434 size-large\" alt=\"\" src=\"https:\/\/www.milliconcept.fi\/huonekalut\/wp-content\/uploads\/sites\/3\/2025\/07\/YANKEE_Mustakuusi_Helmenharmaa-1-1-1024x778.jpg\" data-object-fit=\"cover\" srcset=\"https:\/\/www.milliconcept.fi\/huonekalut\/wp-content\/uploads\/sites\/3\/2025\/07\/YANKEE_Mustakuusi_Helmenharmaa-1-1-1024x778.jpg 1024w, https:\/\/www.milliconcept.fi\/huonekalut\/wp-content\/uploads\/sites\/3\/2025\/07\/YANKEE_Mustakuusi_Helmenharmaa-1-1-300x228.jpg 300w, https:\/\/www.milliconcept.fi\/huonekalut\/wp-content\/uploads\/sites\/3\/2025\/07\/YANKEE_Mustakuusi_Helmenharmaa-1-1-768x583.jpg 768w, https:\/\/www.milliconcept.fi\/huonekalut\/wp-content\/uploads\/sites\/3\/2025\/07\/YANKEE_Mustakuusi_Helmenharmaa-1-1.jpg 1280w\" sizes=\"auto, (max-width: 1024px) 100vw, 1024px\" \/><span aria-hidden=\"true\" class=\"wp-block-cover__background has-background-dim-40 has-background-dim\" style=\"background-color:#99948e\"><\/span><div class=\"wp-block-cover__inner-container is-layout-flow wp-block-cover-is-layout-flow\">\n<p class=\"has-text-align-center has-large-font-size\"><\/p>\n<\/div><\/div>\n<\/div>\n<\/div>\n<\/div><\/div>\n","protected":false},"excerpt":{"rendered":"<p>Etsi l\u00e4hin Milli Concept -j\u00e4lleenmyyj\u00e4si Ota yhteytt\u00e4<\/p>\n","protected":false},"author":3,"featured_media":0,"parent":0,"menu_order":0,"comment_status":"closed","ping_status":"closed","template":"","meta":{"_acf_changed":false,"footnotes":""},"class_list":["post-489","page","type-page","status-publish","hentry"],"acf":[],"yoast_head":"<!-- This site is optimized with the Yoast SEO plugin v27.4 - https:\/\/yoast.com\/product\/yoast-seo-wordpress\/ -->\n<title>J\u00e4lleenmyyj\u00e4t - Milli Concept Huonekalut<\/title>\n<meta name=\"description\" content=\"J\u00e4lleenmyy kotimaisia ja laadukkaita huonekaluja asiakkaillesi mittatilauksella. Tuotteet valmistetaan kotimaisessa tehtaassa Ruukissa.\" \/>\n<meta name=\"robots\" content=\"index, follow, max-snippet:-1, max-image-preview:large, max-video-preview:-1\" \/>\n<link rel=\"canonical\" href=\"https:\/\/www.milliconcept.fi\/huonekalut\/jalleenmyyjat\/\" \/>\n<meta property=\"og:locale\" content=\"fi_FI\" \/>\n<meta property=\"og:type\" content=\"article\" \/>\n<meta property=\"og:title\" content=\"J\u00e4lleenmyyj\u00e4t - Milli Concept Huonekalut\" \/>\n<meta property=\"og:description\" content=\"J\u00e4lleenmyy kotimaisia ja laadukkaita huonekaluja asiakkaillesi mittatilauksella. Tuotteet valmistetaan kotimaisessa tehtaassa Ruukissa.\" \/>\n<meta property=\"og:url\" content=\"https:\/\/www.milliconcept.fi\/huonekalut\/jalleenmyyjat\/\" \/>\n<meta property=\"og:site_name\" content=\"Milli Concept Huonekalut\" \/>\n<meta property=\"article:modified_time\" content=\"2026-02-09T12:55:32+00:00\" \/>\n<meta property=\"og:image\" content=\"https:\/\/www.milliconcept.fi\/huonekalut\/wp-content\/uploads\/sites\/3\/2025\/07\/YANKEE_Mustakuusi_Helmenharmaa-1-1.jpg\" \/>\n\t<meta property=\"og:image:width\" content=\"1280\" \/>\n\t<meta property=\"og:image:height\" content=\"972\" \/>\n\t<meta property=\"og:image:type\" content=\"image\/jpeg\" \/>\n<meta name=\"twitter:card\" content=\"summary_large_image\" \/>\n<meta name=\"twitter:label1\" content=\"Arvioitu lukuaika\" \/>\n\t<meta name=\"twitter:data1\" content=\"1 minuutti\" \/>\n<script type=\"application\/ld+json\" class=\"yoast-schema-graph\">{\"@context\":\"https:\\\/\\\/schema.org\",\"@graph\":[{\"@type\":\"WebPage\",\"@id\":\"https:\\\/\\\/www.milliconcept.fi\\\/huonekalut\\\/jalleenmyyjat\\\/\",\"url\":\"https:\\\/\\\/www.milliconcept.fi\\\/huonekalut\\\/jalleenmyyjat\\\/\",\"name\":\"J\u00e4lleenmyyj\u00e4t - Milli Concept Huonekalut\",\"isPartOf\":{\"@id\":\"https:\\\/\\\/www.milliconcept.fi\\\/huonekalut\\\/#website\"},\"primaryImageOfPage\":{\"@id\":\"https:\\\/\\\/www.milliconcept.fi\\\/huonekalut\\\/jalleenmyyjat\\\/#primaryimage\"},\"image\":{\"@id\":\"https:\\\/\\\/www.milliconcept.fi\\\/huonekalut\\\/jalleenmyyjat\\\/#primaryimage\"},\"thumbnailUrl\":\"https:\\\/\\\/www.milliconcept.fi\\\/huonekalut\\\/wp-content\\\/uploads\\\/sites\\\/3\\\/2025\\\/07\\\/YANKEE_Mustakuusi_Helmenharmaa-1-1-1024x778.jpg\",\"datePublished\":\"2025-07-11T07:47:12+00:00\",\"dateModified\":\"2026-02-09T12:55:32+00:00\",\"description\":\"J\u00e4lleenmyy kotimaisia ja laadukkaita huonekaluja asiakkaillesi mittatilauksella. Tuotteet valmistetaan kotimaisessa tehtaassa Ruukissa.\",\"breadcrumb\":{\"@id\":\"https:\\\/\\\/www.milliconcept.fi\\\/huonekalut\\\/jalleenmyyjat\\\/#breadcrumb\"},\"inLanguage\":\"fi\",\"potentialAction\":[{\"@type\":\"ReadAction\",\"target\":[\"https:\\\/\\\/www.milliconcept.fi\\\/huonekalut\\\/jalleenmyyjat\\\/\"]}]},{\"@type\":\"ImageObject\",\"inLanguage\":\"fi\",\"@id\":\"https:\\\/\\\/www.milliconcept.fi\\\/huonekalut\\\/jalleenmyyjat\\\/#primaryimage\",\"url\":\"https:\\\/\\\/www.milliconcept.fi\\\/huonekalut\\\/wp-content\\\/uploads\\\/sites\\\/3\\\/2025\\\/07\\\/YANKEE_Mustakuusi_Helmenharmaa-1-1.jpg\",\"contentUrl\":\"https:\\\/\\\/www.milliconcept.fi\\\/huonekalut\\\/wp-content\\\/uploads\\\/sites\\\/3\\\/2025\\\/07\\\/YANKEE_Mustakuusi_Helmenharmaa-1-1.jpg\",\"width\":1280,\"height\":972},{\"@type\":\"BreadcrumbList\",\"@id\":\"https:\\\/\\\/www.milliconcept.fi\\\/huonekalut\\\/jalleenmyyjat\\\/#breadcrumb\",\"itemListElement\":[{\"@type\":\"ListItem\",\"position\":1,\"name\":\"Etusivu\",\"item\":\"https:\\\/\\\/www.milliconcept.fi\\\/huonekalut\\\/\"},{\"@type\":\"ListItem\",\"position\":2,\"name\":\"J\u00e4lleenmyyj\u00e4t\"}]},{\"@type\":\"WebSite\",\"@id\":\"https:\\\/\\\/www.milliconcept.fi\\\/huonekalut\\\/#website\",\"url\":\"https:\\\/\\\/www.milliconcept.fi\\\/huonekalut\\\/\",\"name\":\"Milli Concept Huonekalut\",\"description\":\"\",\"potentialAction\":[{\"@type\":\"SearchAction\",\"target\":{\"@type\":\"EntryPoint\",\"urlTemplate\":\"https:\\\/\\\/www.milliconcept.fi\\\/huonekalut\\\/?s={search_term_string}\"},\"query-input\":{\"@type\":\"PropertyValueSpecification\",\"valueRequired\":true,\"valueName\":\"search_term_string\"}}],\"inLanguage\":\"fi\"}]}<\/script>\n<!-- \/ Yoast SEO plugin. -->","yoast_head_json":{"title":"J\u00e4lleenmyyj\u00e4t - Milli Concept Huonekalut","description":"J\u00e4lleenmyy kotimaisia ja laadukkaita huonekaluja asiakkaillesi mittatilauksella. Tuotteet valmistetaan kotimaisessa tehtaassa Ruukissa.","robots":{"index":"index","follow":"follow","max-snippet":"max-snippet:-1","max-image-preview":"max-image-preview:large","max-video-preview":"max-video-preview:-1"},"canonical":"https:\/\/www.milliconcept.fi\/huonekalut\/jalleenmyyjat\/","og_locale":"fi_FI","og_type":"article","og_title":"J\u00e4lleenmyyj\u00e4t - Milli Concept Huonekalut","og_description":"J\u00e4lleenmyy kotimaisia ja laadukkaita huonekaluja asiakkaillesi mittatilauksella. Tuotteet valmistetaan kotimaisessa tehtaassa Ruukissa.","og_url":"https:\/\/www.milliconcept.fi\/huonekalut\/jalleenmyyjat\/","og_site_name":"Milli Concept Huonekalut","article_modified_time":"2026-02-09T12:55:32+00:00","og_image":[{"width":1280,"height":972,"url":"https:\/\/www.milliconcept.fi\/huonekalut\/wp-content\/uploads\/sites\/3\/2025\/07\/YANKEE_Mustakuusi_Helmenharmaa-1-1.jpg","type":"image\/jpeg"}],"twitter_card":"summary_large_image","twitter_misc":{"Arvioitu lukuaika":"1 minuutti"},"schema":{"@context":"https:\/\/schema.org","@graph":[{"@type":"WebPage","@id":"https:\/\/www.milliconcept.fi\/huonekalut\/jalleenmyyjat\/","url":"https:\/\/www.milliconcept.fi\/huonekalut\/jalleenmyyjat\/","name":"J\u00e4lleenmyyj\u00e4t - Milli Concept Huonekalut","isPartOf":{"@id":"https:\/\/www.milliconcept.fi\/huonekalut\/#website"},"primaryImageOfPage":{"@id":"https:\/\/www.milliconcept.fi\/huonekalut\/jalleenmyyjat\/#primaryimage"},"image":{"@id":"https:\/\/www.milliconcept.fi\/huonekalut\/jalleenmyyjat\/#primaryimage"},"thumbnailUrl":"https:\/\/www.milliconcept.fi\/huonekalut\/wp-content\/uploads\/sites\/3\/2025\/07\/YANKEE_Mustakuusi_Helmenharmaa-1-1-1024x778.jpg","datePublished":"2025-07-11T07:47:12+00:00","dateModified":"2026-02-09T12:55:32+00:00","description":"J\u00e4lleenmyy kotimaisia ja laadukkaita huonekaluja asiakkaillesi mittatilauksella. Tuotteet valmistetaan kotimaisessa tehtaassa Ruukissa.","breadcrumb":{"@id":"https:\/\/www.milliconcept.fi\/huonekalut\/jalleenmyyjat\/#breadcrumb"},"inLanguage":"fi","potentialAction":[{"@type":"ReadAction","target":["https:\/\/www.milliconcept.fi\/huonekalut\/jalleenmyyjat\/"]}]},{"@type":"ImageObject","inLanguage":"fi","@id":"https:\/\/www.milliconcept.fi\/huonekalut\/jalleenmyyjat\/#primaryimage","url":"https:\/\/www.milliconcept.fi\/huonekalut\/wp-content\/uploads\/sites\/3\/2025\/07\/YANKEE_Mustakuusi_Helmenharmaa-1-1.jpg","contentUrl":"https:\/\/www.milliconcept.fi\/huonekalut\/wp-content\/uploads\/sites\/3\/2025\/07\/YANKEE_Mustakuusi_Helmenharmaa-1-1.jpg","width":1280,"height":972},{"@type":"BreadcrumbList","@id":"https:\/\/www.milliconcept.fi\/huonekalut\/jalleenmyyjat\/#breadcrumb","itemListElement":[{"@type":"ListItem","position":1,"name":"Etusivu","item":"https:\/\/www.milliconcept.fi\/huonekalut\/"},{"@type":"ListItem","position":2,"name":"J\u00e4lleenmyyj\u00e4t"}]},{"@type":"WebSite","@id":"https:\/\/www.milliconcept.fi\/huonekalut\/#website","url":"https:\/\/www.milliconcept.fi\/huonekalut\/","name":"Milli Concept Huonekalut","description":"","potentialAction":[{"@type":"SearchAction","target":{"@type":"EntryPoint","urlTemplate":"https:\/\/www.milliconcept.fi\/huonekalut\/?s={search_term_string}"},"query-input":{"@type":"PropertyValueSpecification","valueRequired":true,"valueName":"search_term_string"}}],"inLanguage":"fi"}]}},"_links":{"self":[{"href":"https:\/\/www.milliconcept.fi\/huonekalut\/wp-json\/wp\/v2\/pages\/489","targetHints":{"allow":["GET"]}}],"collection":[{"href":"https:\/\/www.milliconcept.fi\/huonekalut\/wp-json\/wp\/v2\/pages"}],"about":[{"href":"https:\/\/www.milliconcept.fi\/huonekalut\/wp-json\/wp\/v2\/types\/page"}],"author":[{"embeddable":true,"href":"https:\/\/www.milliconcept.fi\/huonekalut\/wp-json\/wp\/v2\/users\/3"}],"replies":[{"embeddable":true,"href":"https:\/\/www.milliconcept.fi\/huonekalut\/wp-json\/wp\/v2\/comments?post=489"}],"version-history":[{"count":18,"href":"https:\/\/www.milliconcept.fi\/huonekalut\/wp-json\/wp\/v2\/pages\/489\/revisions"}],"predecessor-version":[{"id":3837,"href":"https:\/\/www.milliconcept.fi\/huonekalut\/wp-json\/wp\/v2\/pages\/489\/revisions\/3837"}],"wp:attachment":[{"href":"https:\/\/www.milliconcept.fi\/huonekalut\/wp-json\/wp\/v2\/media?parent=489"}],"curies":[{"name":"wp","href":"https:\/\/api.w.org\/{rel}","templated":true}]}}