{"id":580,"date":"2025-07-29T15:42:32","date_gmt":"2025-07-29T12:42:32","guid":{"rendered":"https:\/\/www.milliconcept.fi\/huonekalut\/?post_type=product&#038;p=580"},"modified":"2025-11-17T14:20:29","modified_gmt":"2025-11-17T12:20:29","slug":"mike","status":"publish","type":"product","link":"https:\/\/www.milliconcept.fi\/huonekalut\/tuotteet\/mike\/","title":{"rendered":"MIKE"},"content":{"rendered":"\n<p><strong>Mike-kaappi<\/strong>\u00a0on k\u00e4yt\u00e4nn\u00f6llinen ja muunneltava mittatilauskomero, joka valmistetaan Suomessa laadukkaasta 16 mm kalustelevyst\u00e4. Mike on saatavilla joko\u00a0<strong>hyllykaappina<\/strong>\u00a0tai\u00a0<strong>tankokomerona<\/strong>, aina yhdell\u00e4 aukeavalla ovella ja vakiona sokkelilla, mik\u00e4 antaa kalusteelle ryhdikk\u00e4\u00e4n ja viimeistellyn ilmeen.<\/p>\n\n\n\n<p>Kaapin ulkoasun voit viimeistell\u00e4 modernilla pomppusalvalla tai perinteisemm\u00e4ll\u00e4 vetimell\u00e4.&nbsp;<strong>Silent-saranat<\/strong>&nbsp;takaavat pehme\u00e4n ja hiljaisen ovien sulkeutumisen, mik\u00e4 lis\u00e4\u00e4 k\u00e4ytt\u00f6mukavuutta ja kest\u00e4vyytt\u00e4.<\/p>\n\n\n\n<p>Mike-kaappi sopii erinomaisesti esimerkiksi eteiseen, makuuhuoneeseen, vaatehuoneeseen ja kodinhoitohuoneeseen.<\/p>\n\n\n\n<details class=\"wp-block-details is-layout-flow wp-block-details-is-layout-flow\"><summary>Lis\u00e4tietoja<\/summary>\n<p><strong>Materiaalit:<\/strong><\/p>\n\n\n\n<ul class=\"wp-block-list\">\n<li>Kotimainen 16 mm kalustelevy<\/li>\n\n\n\n<li>Saatavilla 16 eri v\u00e4rivaihtoehtoa<\/li>\n<\/ul>\n\n\n\n<p><strong>Mitat:<\/strong><\/p>\n\n\n\n<ul class=\"wp-block-list\">\n<li>Korkeus: 1300-2100 mm<\/li>\n\n\n\n<li>Leveys: 300-600 mm<\/li>\n\n\n\n<li>Syvyys: 300-700 mm<\/li>\n<\/ul>\n\n\n\n<p><strong>V\u00e4rit:<\/strong><\/p>\n\n\n\n<ul class=\"wp-block-list\">\n<li>Ovi omalla v\u00e4rill\u00e4<\/li>\n\n\n\n<li>Runko + sokkeli omalla v\u00e4rill\u00e4<\/li>\n<\/ul>\n\n\n\n<p><strong>Hyllyjen m\u00e4\u00e4r\u00e4<\/strong>\u00a0(korkeuden mukaan)<\/p>\n\n\n\n<ul class=\"wp-block-list\">\n<li>1200-1600: 3 kpl<\/li>\n\n\n\n<li>1601-2100: 5 kpl<\/li>\n<\/ul>\n<\/details>\n\n\n\n<div style=\"height:63px\" aria-hidden=\"true\" class=\"wp-block-spacer\"><\/div>\n\n\n\n<div class=\"wp-block-cover is-light\" style=\"min-height:50px;aspect-ratio:unset;\"><span aria-hidden=\"true\" class=\"wp-block-cover__background has-hiekka-background-color has-background-dim-100 has-background-dim\"><\/span><div class=\"wp-block-cover__inner-container is-layout-constrained wp-block-cover-is-layout-constrained\">\n<div class=\"wp-block-columns is-not-stacked-on-mobile is-style-no-gap is-layout-flex wp-container-core-columns-is-layout-9d6595d7 wp-block-columns-is-layout-flex\">\n<div class=\"wp-block-column is-layout-flow wp-block-column-is-layout-flow\" style=\"flex-basis:90px\">\n<figure class=\"wp-block-image size-large\"><img loading=\"lazy\" decoding=\"async\" width=\"613\" height=\"1024\" src=\"https:\/\/www.milliconcept.fi\/huonekalut\/wp-content\/uploads\/sites\/3\/2025\/07\/47d4a3236f7fdc5212f5d596f39c2e47330d9544-kopio-1-768x1283-1-613x1024.jpg\" alt=\"\" class=\"wp-image-175\" srcset=\"https:\/\/www.milliconcept.fi\/huonekalut\/wp-content\/uploads\/sites\/3\/2025\/07\/47d4a3236f7fdc5212f5d596f39c2e47330d9544-kopio-1-768x1283-1-613x1024.jpg 613w, https:\/\/www.milliconcept.fi\/huonekalut\/wp-content\/uploads\/sites\/3\/2025\/07\/47d4a3236f7fdc5212f5d596f39c2e47330d9544-kopio-1-768x1283-1-180x300.jpg 180w, https:\/\/www.milliconcept.fi\/huonekalut\/wp-content\/uploads\/sites\/3\/2025\/07\/47d4a3236f7fdc5212f5d596f39c2e47330d9544-kopio-1-768x1283-1.jpg 768w\" sizes=\"auto, (max-width: 613px) 100vw, 613px\" \/><\/figure>\n<\/div>\n\n\n\n<div class=\"wp-block-column is-layout-flow wp-block-column-is-layout-flow\" style=\"flex-basis:18px\"><\/div>\n\n\n\n<div class=\"wp-block-column is-vertically-aligned-bottom is-layout-flow wp-block-column-is-layout-flow\">\n<h4 class=\"wp-block-heading is-style-dm-mono is-style-dm-serif\">Saitko idean?<\/h4>\n\n\n\n<p>Suunnitellaan yhdess\u00e4 huonekalut kotiisi, jotka sopii t\u00e4ydellisesti!<\/p>\n\n\n\n<div class=\"wp-block-buttons is-style-hide-on-mobile is-layout-flex wp-block-buttons-is-layout-flex\">\n<div class=\"wp-block-button is-style-plus\"><a class=\"wp-block-button__link wp-element-button\" href=\"https:\/\/www.milliconcept.fi\/huonekalut\/suunnittelu\/\">Varaa suunnitteluaika<\/a><\/div>\n<\/div>\n<\/div>\n<\/div>\n\n\n\n<div class=\"wp-block-buttons is-style-hide-on-desktop is-layout-flex wp-block-buttons-is-layout-flex\">\n<div class=\"wp-block-button is-style-plus\"><a class=\"wp-block-button__link wp-element-button\">Varaa suunnitteluaika<\/a><\/div>\n<\/div>\n<\/div><\/div>\n","protected":false},"featured_media":230,"template":"","class_list":["post-580","product","type-product","status-publish","has-post-thumbnail","hentry","product_category-kaapistot"],"acf":[],"yoast_head":"<!-- This site is optimized with the Yoast SEO plugin v27.4 - https:\/\/yoast.com\/product\/yoast-seo-wordpress\/ -->\n<title>MIKE - Milli Concept Huonekalut<\/title>\n<meta name=\"robots\" content=\"index, follow, max-snippet:-1, max-image-preview:large, max-video-preview:-1\" \/>\n<link rel=\"canonical\" href=\"https:\/\/www.milliconcept.fi\/huonekalut\/tuotteet\/mike\/\" \/>\n<meta property=\"og:locale\" content=\"fi_FI\" \/>\n<meta property=\"og:type\" content=\"article\" \/>\n<meta property=\"og:title\" content=\"MIKE - Milli Concept Huonekalut\" \/>\n<meta property=\"og:description\" content=\"Mike-kaappi\u00a0on k\u00e4yt\u00e4nn\u00f6llinen ja muunneltava mittatilauskomero, joka valmistetaan Suomessa laadukkaasta 16 mm kalustelevyst\u00e4. Mike on saatavilla joko\u00a0hyllykaappina\u00a0tai\u00a0tankokomerona, aina yhdell\u00e4 aukeavalla ovella ja vakiona sokkelilla, mik\u00e4 antaa kalusteelle ryhdikk\u00e4\u00e4n ja viimeistellyn ilmeen. Kaapin ulkoasun voit viimeistell\u00e4 modernilla pomppusalvalla tai perinteisemm\u00e4ll\u00e4 vetimell\u00e4.&nbsp;Silent-saranat&nbsp;takaavat pehme\u00e4n ja hiljaisen ovien sulkeutumisen, mik\u00e4 lis\u00e4\u00e4 k\u00e4ytt\u00f6mukavuutta ja kest\u00e4vyytt\u00e4. Mike-kaappi sopii erinomaisesti esimerkiksi eteiseen, makuuhuoneeseen, [&hellip;]\" \/>\n<meta property=\"og:url\" content=\"https:\/\/www.milliconcept.fi\/huonekalut\/tuotteet\/mike\/\" \/>\n<meta property=\"og:site_name\" content=\"Milli Concept Huonekalut\" \/>\n<meta property=\"article:modified_time\" content=\"2025-11-17T12:20:29+00:00\" \/>\n<meta property=\"og:image\" content=\"https:\/\/www.milliconcept.fi\/huonekalut\/wp-content\/uploads\/sites\/3\/2025\/07\/MIKE.jpg\" \/>\n\t<meta property=\"og:image:width\" content=\"413\" \/>\n\t<meta property=\"og:image:height\" content=\"972\" \/>\n\t<meta property=\"og:image:type\" content=\"image\/jpeg\" \/>\n<meta name=\"twitter:card\" content=\"summary_large_image\" \/>\n<meta name=\"twitter:label1\" content=\"Arvioitu lukuaika\" \/>\n\t<meta name=\"twitter:data1\" content=\"2 minuuttia\" \/>\n<script type=\"application\/ld+json\" class=\"yoast-schema-graph\">{\"@context\":\"https:\\\/\\\/schema.org\",\"@graph\":[{\"@type\":\"WebPage\",\"@id\":\"https:\\\/\\\/www.milliconcept.fi\\\/huonekalut\\\/tuotteet\\\/mike\\\/\",\"url\":\"https:\\\/\\\/www.milliconcept.fi\\\/huonekalut\\\/tuotteet\\\/mike\\\/\",\"name\":\"MIKE - Milli Concept Huonekalut\",\"isPartOf\":{\"@id\":\"https:\\\/\\\/www.milliconcept.fi\\\/huonekalut\\\/#website\"},\"primaryImageOfPage\":{\"@id\":\"https:\\\/\\\/www.milliconcept.fi\\\/huonekalut\\\/tuotteet\\\/mike\\\/#primaryimage\"},\"image\":{\"@id\":\"https:\\\/\\\/www.milliconcept.fi\\\/huonekalut\\\/tuotteet\\\/mike\\\/#primaryimage\"},\"thumbnailUrl\":\"https:\\\/\\\/www.milliconcept.fi\\\/huonekalut\\\/wp-content\\\/uploads\\\/sites\\\/3\\\/2025\\\/07\\\/MIKE.jpg\",\"datePublished\":\"2025-07-29T12:42:32+00:00\",\"dateModified\":\"2025-11-17T12:20:29+00:00\",\"breadcrumb\":{\"@id\":\"https:\\\/\\\/www.milliconcept.fi\\\/huonekalut\\\/tuotteet\\\/mike\\\/#breadcrumb\"},\"inLanguage\":\"fi\",\"potentialAction\":[{\"@type\":\"ReadAction\",\"target\":[\"https:\\\/\\\/www.milliconcept.fi\\\/huonekalut\\\/tuotteet\\\/mike\\\/\"]}]},{\"@type\":\"ImageObject\",\"inLanguage\":\"fi\",\"@id\":\"https:\\\/\\\/www.milliconcept.fi\\\/huonekalut\\\/tuotteet\\\/mike\\\/#primaryimage\",\"url\":\"https:\\\/\\\/www.milliconcept.fi\\\/huonekalut\\\/wp-content\\\/uploads\\\/sites\\\/3\\\/2025\\\/07\\\/MIKE.jpg\",\"contentUrl\":\"https:\\\/\\\/www.milliconcept.fi\\\/huonekalut\\\/wp-content\\\/uploads\\\/sites\\\/3\\\/2025\\\/07\\\/MIKE.jpg\",\"width\":413,\"height\":972},{\"@type\":\"BreadcrumbList\",\"@id\":\"https:\\\/\\\/www.milliconcept.fi\\\/huonekalut\\\/tuotteet\\\/mike\\\/#breadcrumb\",\"itemListElement\":[{\"@type\":\"ListItem\",\"position\":1,\"name\":\"Etusivu\",\"item\":\"https:\\\/\\\/www.milliconcept.fi\\\/huonekalut\\\/\"},{\"@type\":\"ListItem\",\"position\":2,\"name\":\"Tuotteet\",\"item\":\"https:\\\/\\\/www.milliconcept.fi\\\/huonekalut\\\/tuotteet\\\/\"},{\"@type\":\"ListItem\",\"position\":3,\"name\":\"MIKE\"}]},{\"@type\":\"WebSite\",\"@id\":\"https:\\\/\\\/www.milliconcept.fi\\\/huonekalut\\\/#website\",\"url\":\"https:\\\/\\\/www.milliconcept.fi\\\/huonekalut\\\/\",\"name\":\"Milli Concept Huonekalut\",\"description\":\"\",\"potentialAction\":[{\"@type\":\"SearchAction\",\"target\":{\"@type\":\"EntryPoint\",\"urlTemplate\":\"https:\\\/\\\/www.milliconcept.fi\\\/huonekalut\\\/?s={search_term_string}\"},\"query-input\":{\"@type\":\"PropertyValueSpecification\",\"valueRequired\":true,\"valueName\":\"search_term_string\"}}],\"inLanguage\":\"fi\"}]}<\/script>\n<!-- \/ Yoast SEO plugin. -->","yoast_head_json":{"title":"MIKE - Milli Concept Huonekalut","robots":{"index":"index","follow":"follow","max-snippet":"max-snippet:-1","max-image-preview":"max-image-preview:large","max-video-preview":"max-video-preview:-1"},"canonical":"https:\/\/www.milliconcept.fi\/huonekalut\/tuotteet\/mike\/","og_locale":"fi_FI","og_type":"article","og_title":"MIKE - Milli Concept Huonekalut","og_description":"Mike-kaappi\u00a0on k\u00e4yt\u00e4nn\u00f6llinen ja muunneltava mittatilauskomero, joka valmistetaan Suomessa laadukkaasta 16 mm kalustelevyst\u00e4. Mike on saatavilla joko\u00a0hyllykaappina\u00a0tai\u00a0tankokomerona, aina yhdell\u00e4 aukeavalla ovella ja vakiona sokkelilla, mik\u00e4 antaa kalusteelle ryhdikk\u00e4\u00e4n ja viimeistellyn ilmeen. Kaapin ulkoasun voit viimeistell\u00e4 modernilla pomppusalvalla tai perinteisemm\u00e4ll\u00e4 vetimell\u00e4.&nbsp;Silent-saranat&nbsp;takaavat pehme\u00e4n ja hiljaisen ovien sulkeutumisen, mik\u00e4 lis\u00e4\u00e4 k\u00e4ytt\u00f6mukavuutta ja kest\u00e4vyytt\u00e4. Mike-kaappi sopii erinomaisesti esimerkiksi eteiseen, makuuhuoneeseen, [&hellip;]","og_url":"https:\/\/www.milliconcept.fi\/huonekalut\/tuotteet\/mike\/","og_site_name":"Milli Concept Huonekalut","article_modified_time":"2025-11-17T12:20:29+00:00","og_image":[{"width":413,"height":972,"url":"https:\/\/www.milliconcept.fi\/huonekalut\/wp-content\/uploads\/sites\/3\/2025\/07\/MIKE.jpg","type":"image\/jpeg"}],"twitter_card":"summary_large_image","twitter_misc":{"Arvioitu lukuaika":"2 minuuttia"},"schema":{"@context":"https:\/\/schema.org","@graph":[{"@type":"WebPage","@id":"https:\/\/www.milliconcept.fi\/huonekalut\/tuotteet\/mike\/","url":"https:\/\/www.milliconcept.fi\/huonekalut\/tuotteet\/mike\/","name":"MIKE - Milli Concept Huonekalut","isPartOf":{"@id":"https:\/\/www.milliconcept.fi\/huonekalut\/#website"},"primaryImageOfPage":{"@id":"https:\/\/www.milliconcept.fi\/huonekalut\/tuotteet\/mike\/#primaryimage"},"image":{"@id":"https:\/\/www.milliconcept.fi\/huonekalut\/tuotteet\/mike\/#primaryimage"},"thumbnailUrl":"https:\/\/www.milliconcept.fi\/huonekalut\/wp-content\/uploads\/sites\/3\/2025\/07\/MIKE.jpg","datePublished":"2025-07-29T12:42:32+00:00","dateModified":"2025-11-17T12:20:29+00:00","breadcrumb":{"@id":"https:\/\/www.milliconcept.fi\/huonekalut\/tuotteet\/mike\/#breadcrumb"},"inLanguage":"fi","potentialAction":[{"@type":"ReadAction","target":["https:\/\/www.milliconcept.fi\/huonekalut\/tuotteet\/mike\/"]}]},{"@type":"ImageObject","inLanguage":"fi","@id":"https:\/\/www.milliconcept.fi\/huonekalut\/tuotteet\/mike\/#primaryimage","url":"https:\/\/www.milliconcept.fi\/huonekalut\/wp-content\/uploads\/sites\/3\/2025\/07\/MIKE.jpg","contentUrl":"https:\/\/www.milliconcept.fi\/huonekalut\/wp-content\/uploads\/sites\/3\/2025\/07\/MIKE.jpg","width":413,"height":972},{"@type":"BreadcrumbList","@id":"https:\/\/www.milliconcept.fi\/huonekalut\/tuotteet\/mike\/#breadcrumb","itemListElement":[{"@type":"ListItem","position":1,"name":"Etusivu","item":"https:\/\/www.milliconcept.fi\/huonekalut\/"},{"@type":"ListItem","position":2,"name":"Tuotteet","item":"https:\/\/www.milliconcept.fi\/huonekalut\/tuotteet\/"},{"@type":"ListItem","position":3,"name":"MIKE"}]},{"@type":"WebSite","@id":"https:\/\/www.milliconcept.fi\/huonekalut\/#website","url":"https:\/\/www.milliconcept.fi\/huonekalut\/","name":"Milli Concept Huonekalut","description":"","potentialAction":[{"@type":"SearchAction","target":{"@type":"EntryPoint","urlTemplate":"https:\/\/www.milliconcept.fi\/huonekalut\/?s={search_term_string}"},"query-input":{"@type":"PropertyValueSpecification","valueRequired":true,"valueName":"search_term_string"}}],"inLanguage":"fi"}]}},"_links":{"self":[{"href":"https:\/\/www.milliconcept.fi\/huonekalut\/wp-json\/wp\/v2\/product\/580","targetHints":{"allow":["GET"]}}],"collection":[{"href":"https:\/\/www.milliconcept.fi\/huonekalut\/wp-json\/wp\/v2\/product"}],"about":[{"href":"https:\/\/www.milliconcept.fi\/huonekalut\/wp-json\/wp\/v2\/types\/product"}],"wp:featuredmedia":[{"embeddable":true,"href":"https:\/\/www.milliconcept.fi\/huonekalut\/wp-json\/wp\/v2\/media\/230"}],"wp:attachment":[{"href":"https:\/\/www.milliconcept.fi\/huonekalut\/wp-json\/wp\/v2\/media?parent=580"}],"curies":[{"name":"wp","href":"https:\/\/api.w.org\/{rel}","templated":true}]}}