{"id":623,"date":"2025-07-30T13:33:26","date_gmt":"2025-07-30T10:33:26","guid":{"rendered":"https:\/\/www.milliconcept.fi\/huonekalut\/?post_type=product&#038;p=623"},"modified":"2026-02-11T11:36:16","modified_gmt":"2026-02-11T09:36:16","slug":"delta","status":"publish","type":"product","link":"https:\/\/www.milliconcept.fi\/huonekalut\/tuotteet\/delta\/","title":{"rendered":"DELTA"},"content":{"rendered":"\n<p><strong>Delta-kaapisto<\/strong>&nbsp;on mittatilauksena valmistettava, tyylik\u00e4s ja k\u00e4yt\u00e4nn\u00f6llinen s\u00e4ilytysratkaisu, joka tehd\u00e4\u00e4n Suomessa laadukkaasta 16 mm kalustelevyst\u00e4. Delta on saatavilla joko&nbsp;<strong>sokkelilla<\/strong>&nbsp;tai&nbsp;<strong>sein\u00e4kiinnityksell\u00e4<\/strong>, aina&nbsp;<strong>nelj\u00e4ll\u00e4 ovella<\/strong>, ja sen ulkoasu voidaan viimeistell\u00e4 juuri sinun tyyliisi sopivaksi \u2013 valitse moderni pomppusalpa tai perinteisempi vedin.<\/p>\n\n\n\n<p>Delta-kaapiston ominaisuudet:<\/p>\n\n\n\n<ul class=\"wp-block-list\">\n<li><strong>nelj\u00e4 aukeavaa ovea<\/strong>, saatavilla kustomoiduissa mitoissa ja v\u00e4reiss\u00e4<\/li>\n\n\n\n<li>valittavissa joko&nbsp;<strong>sein\u00e4kiinnityksell\u00e4<\/strong>&nbsp;moderniin ilmeeseen tai&nbsp;<strong>sokkelin kanssa<\/strong>&nbsp;perinteisemp\u00e4\u00e4n tyyliin<\/li>\n\n\n\n<li>varustettu&nbsp;<strong>pehme\u00e4sti sulkeutuvilla silent-saranoilla<\/strong>, jotka tekev\u00e4t k\u00e4yt\u00f6st\u00e4 hiljaista ja mukavaa<\/li>\n<\/ul>\n\n\n\n<details class=\"wp-block-details is-layout-flow wp-block-details-is-layout-flow\"><summary>Lis\u00e4tietoja<\/summary>\n<hr class=\"wp-block-separator has-alpha-channel-opacity\"\/>\n\n\n\n<h4 class=\"wp-block-heading\">Delta-kaapisto Sokkelilla<\/h4>\n\n\n\n<p>Delta-kaapisto sokkelilla tuo kotiisi ryhdikk\u00e4\u00e4n ja siistin ilmeen. Se soveltuu loistavasti esimerkiksi eteiseen, olohuoneeseen tai makuuhuoneeseen, kun tarvitset tyylik\u00e4st\u00e4 ja k\u00e4yt\u00e4nn\u00f6llist\u00e4 s\u00e4ilytystilaa.<\/p>\n\n\n\n<ul class=\"wp-block-list\">\n<li>Nelj\u00e4 ovea, joiden aukeamissuunta vasemmalta katsoen: vasen, vasen, oikea, oikea<\/li>\n\n\n\n<li>Valittavissa pomppusalpa tai vedin<\/li>\n\n\n\n<li>Valmistettu 16 mm suomalaisesta kalustelevyst\u00e4<\/li>\n\n\n\n<li>Saatavilla&nbsp;<strong>16 eri v\u00e4rivaihtoehtoa<\/strong><\/li>\n\n\n\n<li>Ovet ja runko + sokkeli eri v\u00e4reiss\u00e4 yhdistelt\u00e4viss\u00e4<\/li>\n\n\n\n<li>Kest\u00e4v\u00e4t rakenteet, laadukas viimeistely<\/li>\n<\/ul>\n\n\n\n<p><strong>Materiaalit:<\/strong><\/p>\n\n\n\n<ul class=\"wp-block-list\">\n<li>Kotimainen 16 mm kalustelevy<\/li>\n\n\n\n<li>Saatavilla 16 eri v\u00e4rivaihtoehtoa<\/li>\n<\/ul>\n\n\n\n<p><strong>Mitat:<\/strong><\/p>\n\n\n\n<ul class=\"wp-block-list\">\n<li>Korkeus: 300\u20131000 mm<\/li>\n\n\n\n<li>Leveys: 1200\u20132400 mm<\/li>\n\n\n\n<li>Syvyys: 250\u2013700 mm<\/li>\n<\/ul>\n\n\n\n<p><strong><strong>Hyllyjen m\u00e4\u00e4r\u00e4<\/strong><\/strong>&nbsp;(korkeuden mukaan)<\/p>\n\n\n\n<ul class=\"wp-block-list\">\n<li>300-400: 0 kpl<\/li>\n\n\n\n<li>401-600: 1 kpl<\/li>\n\n\n\n<li>601-800: 2 kpl<\/li>\n\n\n\n<li>801-1000: 3 kpl<\/li>\n<\/ul>\n\n\n\n<hr class=\"wp-block-separator has-alpha-channel-opacity\"\/>\n\n\n\n<h4 class=\"wp-block-heading\">Delta-kaapisto Sein\u00e4kiinnityksell\u00e4<\/h4>\n\n\n\n<p>Delta-kaapisto sein\u00e4kiinnityksell\u00e4 tarjoaa kevyemm\u00e4n ja modernimman ilmeen esimerkiksi olohuoneeseen tai eteiseen. Sein\u00e4\u00e4n asennettuna se luo tilaan avaruutta ja viimeistelty\u00e4 tyylikkyytt\u00e4.<\/p>\n\n\n\n<ul class=\"wp-block-list\">\n<li>Nelj\u00e4 ovea, joiden aukeamissuunta vasemmalta katsoen: vasen, vasen, oikea, oikea<\/li>\n\n\n\n<li>Valittavissa pomppusalpa tai vedin<\/li>\n\n\n\n<li>Valmistettu 16 mm suomalaisesta kalustelevyst\u00e4<\/li>\n\n\n\n<li>Saatavilla&nbsp;<strong>16 eri v\u00e4rivaihtoehtoa<\/strong><\/li>\n\n\n\n<li>Ovet ja runko eri v\u00e4reiss\u00e4 yhdistelt\u00e4viss\u00e4<\/li>\n\n\n\n<li>Laadukas ja siisti viimeistely<\/li>\n<\/ul>\n\n\n\n<p><strong>Materiaalit:<\/strong><\/p>\n\n\n\n<ul class=\"wp-block-list\">\n<li>Kotimainen 16 mm kalustelevy<\/li>\n\n\n\n<li>Saatavilla 16 eri v\u00e4rivaihtoehtoa<\/li>\n<\/ul>\n\n\n\n<p><strong>Mitat:<\/strong><\/p>\n\n\n\n<ul class=\"wp-block-list\">\n<li>Korkeus: 300\u2013600 mm<\/li>\n\n\n\n<li>Leveys: 1200\u20132400 mm<\/li>\n\n\n\n<li>Syvyys: 250\u2013500 mm<\/li>\n<\/ul>\n\n\n\n<p><strong><strong><strong>Hyllyjen m\u00e4\u00e4r\u00e4<\/strong><\/strong><\/strong>&nbsp;(korkeuden mukaan)<\/p>\n\n\n\n<ul class=\"wp-block-list\">\n<li>300-400: 0 kpl<\/li>\n\n\n\n<li>401-600: 1 kpl<\/li>\n<\/ul>\n<\/details>\n\n\n\n<div class=\"wp-block-cover is-light\" style=\"min-height:50px;aspect-ratio:unset;\"><span aria-hidden=\"true\" class=\"wp-block-cover__background has-hiekka-background-color has-background-dim-100 has-background-dim\"><\/span><div class=\"wp-block-cover__inner-container is-layout-constrained wp-block-cover-is-layout-constrained\">\n<div class=\"wp-block-columns is-not-stacked-on-mobile is-style-no-gap is-layout-flex wp-container-core-columns-is-layout-9d6595d7 wp-block-columns-is-layout-flex\">\n<div class=\"wp-block-column is-layout-flow wp-block-column-is-layout-flow\" style=\"flex-basis:90px\">\n<figure class=\"wp-block-image size-large\"><img loading=\"lazy\" decoding=\"async\" width=\"613\" height=\"1024\" src=\"https:\/\/www.milliconcept.fi\/huonekalut\/wp-content\/uploads\/sites\/3\/2025\/07\/47d4a3236f7fdc5212f5d596f39c2e47330d9544-kopio-1-768x1283-1-613x1024.jpg\" alt=\"\" class=\"wp-image-175\" srcset=\"https:\/\/www.milliconcept.fi\/huonekalut\/wp-content\/uploads\/sites\/3\/2025\/07\/47d4a3236f7fdc5212f5d596f39c2e47330d9544-kopio-1-768x1283-1-613x1024.jpg 613w, https:\/\/www.milliconcept.fi\/huonekalut\/wp-content\/uploads\/sites\/3\/2025\/07\/47d4a3236f7fdc5212f5d596f39c2e47330d9544-kopio-1-768x1283-1-180x300.jpg 180w, https:\/\/www.milliconcept.fi\/huonekalut\/wp-content\/uploads\/sites\/3\/2025\/07\/47d4a3236f7fdc5212f5d596f39c2e47330d9544-kopio-1-768x1283-1.jpg 768w\" sizes=\"auto, (max-width: 613px) 100vw, 613px\" \/><\/figure>\n<\/div>\n\n\n\n<div class=\"wp-block-column is-layout-flow wp-block-column-is-layout-flow\" style=\"flex-basis:18px\"><\/div>\n\n\n\n<div class=\"wp-block-column is-vertically-aligned-bottom is-layout-flow wp-block-column-is-layout-flow\">\n<h4 class=\"wp-block-heading is-style-dm-mono is-style-dm-serif\">Saitko idean?<\/h4>\n\n\n\n<p>Suunnitellaan yhdess\u00e4 huonekalut kotiisi, jotka sopii t\u00e4ydellisesti!<\/p>\n\n\n\n<div class=\"wp-block-buttons is-style-hide-on-mobile is-layout-flex wp-block-buttons-is-layout-flex\">\n<div class=\"wp-block-button is-style-plus\"><a class=\"wp-block-button__link wp-element-button\" href=\"https:\/\/www.milliconcept.fi\/huonekalut\/suunnittelu\/\">Varaa suunnitteluaika<\/a><\/div>\n<\/div>\n<\/div>\n<\/div>\n\n\n\n<div class=\"wp-block-buttons is-style-hide-on-desktop is-layout-flex wp-block-buttons-is-layout-flex\">\n<div class=\"wp-block-button is-style-plus\"><a class=\"wp-block-button__link wp-element-button\">Varaa suunnitteluaika<\/a><\/div>\n<\/div>\n<\/div><\/div>\n\n\n\n<div style=\"height:15px\" aria-hidden=\"true\" class=\"wp-block-spacer\"><\/div>\n","protected":false},"featured_media":164,"template":"","class_list":["post-623","product","type-product","status-publish","has-post-thumbnail","hentry","product_category-arvonta","product_category-kaapistot"],"acf":[],"yoast_head":"<!-- This site is optimized with the Yoast SEO plugin v27.4 - https:\/\/yoast.com\/product\/yoast-seo-wordpress\/ -->\n<title>DELTA - Milli Concept Huonekalut<\/title>\n<meta name=\"robots\" content=\"index, follow, max-snippet:-1, max-image-preview:large, max-video-preview:-1\" \/>\n<link rel=\"canonical\" href=\"https:\/\/www.milliconcept.fi\/huonekalut\/tuotteet\/delta\/\" \/>\n<meta property=\"og:locale\" content=\"fi_FI\" \/>\n<meta property=\"og:type\" content=\"article\" \/>\n<meta property=\"og:title\" content=\"DELTA - Milli Concept Huonekalut\" \/>\n<meta property=\"og:description\" content=\"Delta-kaapisto&nbsp;on mittatilauksena valmistettava, tyylik\u00e4s ja k\u00e4yt\u00e4nn\u00f6llinen s\u00e4ilytysratkaisu, joka tehd\u00e4\u00e4n Suomessa laadukkaasta 16 mm kalustelevyst\u00e4. Delta on saatavilla joko&nbsp;sokkelilla&nbsp;tai&nbsp;sein\u00e4kiinnityksell\u00e4, aina&nbsp;nelj\u00e4ll\u00e4 ovella, ja sen ulkoasu voidaan viimeistell\u00e4 juuri sinun tyyliisi sopivaksi \u2013 valitse moderni pomppusalpa tai perinteisempi vedin. Delta-kaapiston ominaisuudet:\" \/>\n<meta property=\"og:url\" content=\"https:\/\/www.milliconcept.fi\/huonekalut\/tuotteet\/delta\/\" \/>\n<meta property=\"og:site_name\" content=\"Milli Concept Huonekalut\" \/>\n<meta property=\"article:modified_time\" content=\"2026-02-11T09:36:16+00:00\" \/>\n<meta property=\"og:image\" content=\"https:\/\/www.milliconcept.fi\/huonekalut\/wp-content\/uploads\/sites\/3\/2025\/07\/DELTA_Sokkelillinen-1024x378-1.jpg\" \/>\n\t<meta property=\"og:image:width\" content=\"1024\" \/>\n\t<meta property=\"og:image:height\" content=\"378\" \/>\n\t<meta property=\"og:image:type\" content=\"image\/jpeg\" \/>\n<meta name=\"twitter:card\" content=\"summary_large_image\" \/>\n<meta name=\"twitter:label1\" content=\"Arvioitu lukuaika\" \/>\n\t<meta name=\"twitter:data1\" content=\"3 minuuttia\" \/>\n<script type=\"application\/ld+json\" class=\"yoast-schema-graph\">{\"@context\":\"https:\\\/\\\/schema.org\",\"@graph\":[{\"@type\":\"WebPage\",\"@id\":\"https:\\\/\\\/www.milliconcept.fi\\\/huonekalut\\\/tuotteet\\\/delta\\\/\",\"url\":\"https:\\\/\\\/www.milliconcept.fi\\\/huonekalut\\\/tuotteet\\\/delta\\\/\",\"name\":\"DELTA - Milli Concept Huonekalut\",\"isPartOf\":{\"@id\":\"https:\\\/\\\/www.milliconcept.fi\\\/huonekalut\\\/#website\"},\"primaryImageOfPage\":{\"@id\":\"https:\\\/\\\/www.milliconcept.fi\\\/huonekalut\\\/tuotteet\\\/delta\\\/#primaryimage\"},\"image\":{\"@id\":\"https:\\\/\\\/www.milliconcept.fi\\\/huonekalut\\\/tuotteet\\\/delta\\\/#primaryimage\"},\"thumbnailUrl\":\"https:\\\/\\\/www.milliconcept.fi\\\/huonekalut\\\/wp-content\\\/uploads\\\/sites\\\/3\\\/2025\\\/07\\\/DELTA_Sokkelillinen-1024x378-1.jpg\",\"datePublished\":\"2025-07-30T10:33:26+00:00\",\"dateModified\":\"2026-02-11T09:36:16+00:00\",\"breadcrumb\":{\"@id\":\"https:\\\/\\\/www.milliconcept.fi\\\/huonekalut\\\/tuotteet\\\/delta\\\/#breadcrumb\"},\"inLanguage\":\"fi\",\"potentialAction\":[{\"@type\":\"ReadAction\",\"target\":[\"https:\\\/\\\/www.milliconcept.fi\\\/huonekalut\\\/tuotteet\\\/delta\\\/\"]}]},{\"@type\":\"ImageObject\",\"inLanguage\":\"fi\",\"@id\":\"https:\\\/\\\/www.milliconcept.fi\\\/huonekalut\\\/tuotteet\\\/delta\\\/#primaryimage\",\"url\":\"https:\\\/\\\/www.milliconcept.fi\\\/huonekalut\\\/wp-content\\\/uploads\\\/sites\\\/3\\\/2025\\\/07\\\/DELTA_Sokkelillinen-1024x378-1.jpg\",\"contentUrl\":\"https:\\\/\\\/www.milliconcept.fi\\\/huonekalut\\\/wp-content\\\/uploads\\\/sites\\\/3\\\/2025\\\/07\\\/DELTA_Sokkelillinen-1024x378-1.jpg\",\"width\":1024,\"height\":378},{\"@type\":\"BreadcrumbList\",\"@id\":\"https:\\\/\\\/www.milliconcept.fi\\\/huonekalut\\\/tuotteet\\\/delta\\\/#breadcrumb\",\"itemListElement\":[{\"@type\":\"ListItem\",\"position\":1,\"name\":\"Etusivu\",\"item\":\"https:\\\/\\\/www.milliconcept.fi\\\/huonekalut\\\/\"},{\"@type\":\"ListItem\",\"position\":2,\"name\":\"Tuotteet\",\"item\":\"https:\\\/\\\/www.milliconcept.fi\\\/huonekalut\\\/tuotteet\\\/\"},{\"@type\":\"ListItem\",\"position\":3,\"name\":\"DELTA\"}]},{\"@type\":\"WebSite\",\"@id\":\"https:\\\/\\\/www.milliconcept.fi\\\/huonekalut\\\/#website\",\"url\":\"https:\\\/\\\/www.milliconcept.fi\\\/huonekalut\\\/\",\"name\":\"Milli Concept Huonekalut\",\"description\":\"\",\"potentialAction\":[{\"@type\":\"SearchAction\",\"target\":{\"@type\":\"EntryPoint\",\"urlTemplate\":\"https:\\\/\\\/www.milliconcept.fi\\\/huonekalut\\\/?s={search_term_string}\"},\"query-input\":{\"@type\":\"PropertyValueSpecification\",\"valueRequired\":true,\"valueName\":\"search_term_string\"}}],\"inLanguage\":\"fi\"}]}<\/script>\n<!-- \/ Yoast SEO plugin. -->","yoast_head_json":{"title":"DELTA - Milli Concept Huonekalut","robots":{"index":"index","follow":"follow","max-snippet":"max-snippet:-1","max-image-preview":"max-image-preview:large","max-video-preview":"max-video-preview:-1"},"canonical":"https:\/\/www.milliconcept.fi\/huonekalut\/tuotteet\/delta\/","og_locale":"fi_FI","og_type":"article","og_title":"DELTA - Milli Concept Huonekalut","og_description":"Delta-kaapisto&nbsp;on mittatilauksena valmistettava, tyylik\u00e4s ja k\u00e4yt\u00e4nn\u00f6llinen s\u00e4ilytysratkaisu, joka tehd\u00e4\u00e4n Suomessa laadukkaasta 16 mm kalustelevyst\u00e4. Delta on saatavilla joko&nbsp;sokkelilla&nbsp;tai&nbsp;sein\u00e4kiinnityksell\u00e4, aina&nbsp;nelj\u00e4ll\u00e4 ovella, ja sen ulkoasu voidaan viimeistell\u00e4 juuri sinun tyyliisi sopivaksi \u2013 valitse moderni pomppusalpa tai perinteisempi vedin. Delta-kaapiston ominaisuudet:","og_url":"https:\/\/www.milliconcept.fi\/huonekalut\/tuotteet\/delta\/","og_site_name":"Milli Concept Huonekalut","article_modified_time":"2026-02-11T09:36:16+00:00","og_image":[{"width":1024,"height":378,"url":"https:\/\/www.milliconcept.fi\/huonekalut\/wp-content\/uploads\/sites\/3\/2025\/07\/DELTA_Sokkelillinen-1024x378-1.jpg","type":"image\/jpeg"}],"twitter_card":"summary_large_image","twitter_misc":{"Arvioitu lukuaika":"3 minuuttia"},"schema":{"@context":"https:\/\/schema.org","@graph":[{"@type":"WebPage","@id":"https:\/\/www.milliconcept.fi\/huonekalut\/tuotteet\/delta\/","url":"https:\/\/www.milliconcept.fi\/huonekalut\/tuotteet\/delta\/","name":"DELTA - Milli Concept Huonekalut","isPartOf":{"@id":"https:\/\/www.milliconcept.fi\/huonekalut\/#website"},"primaryImageOfPage":{"@id":"https:\/\/www.milliconcept.fi\/huonekalut\/tuotteet\/delta\/#primaryimage"},"image":{"@id":"https:\/\/www.milliconcept.fi\/huonekalut\/tuotteet\/delta\/#primaryimage"},"thumbnailUrl":"https:\/\/www.milliconcept.fi\/huonekalut\/wp-content\/uploads\/sites\/3\/2025\/07\/DELTA_Sokkelillinen-1024x378-1.jpg","datePublished":"2025-07-30T10:33:26+00:00","dateModified":"2026-02-11T09:36:16+00:00","breadcrumb":{"@id":"https:\/\/www.milliconcept.fi\/huonekalut\/tuotteet\/delta\/#breadcrumb"},"inLanguage":"fi","potentialAction":[{"@type":"ReadAction","target":["https:\/\/www.milliconcept.fi\/huonekalut\/tuotteet\/delta\/"]}]},{"@type":"ImageObject","inLanguage":"fi","@id":"https:\/\/www.milliconcept.fi\/huonekalut\/tuotteet\/delta\/#primaryimage","url":"https:\/\/www.milliconcept.fi\/huonekalut\/wp-content\/uploads\/sites\/3\/2025\/07\/DELTA_Sokkelillinen-1024x378-1.jpg","contentUrl":"https:\/\/www.milliconcept.fi\/huonekalut\/wp-content\/uploads\/sites\/3\/2025\/07\/DELTA_Sokkelillinen-1024x378-1.jpg","width":1024,"height":378},{"@type":"BreadcrumbList","@id":"https:\/\/www.milliconcept.fi\/huonekalut\/tuotteet\/delta\/#breadcrumb","itemListElement":[{"@type":"ListItem","position":1,"name":"Etusivu","item":"https:\/\/www.milliconcept.fi\/huonekalut\/"},{"@type":"ListItem","position":2,"name":"Tuotteet","item":"https:\/\/www.milliconcept.fi\/huonekalut\/tuotteet\/"},{"@type":"ListItem","position":3,"name":"DELTA"}]},{"@type":"WebSite","@id":"https:\/\/www.milliconcept.fi\/huonekalut\/#website","url":"https:\/\/www.milliconcept.fi\/huonekalut\/","name":"Milli Concept Huonekalut","description":"","potentialAction":[{"@type":"SearchAction","target":{"@type":"EntryPoint","urlTemplate":"https:\/\/www.milliconcept.fi\/huonekalut\/?s={search_term_string}"},"query-input":{"@type":"PropertyValueSpecification","valueRequired":true,"valueName":"search_term_string"}}],"inLanguage":"fi"}]}},"_links":{"self":[{"href":"https:\/\/www.milliconcept.fi\/huonekalut\/wp-json\/wp\/v2\/product\/623","targetHints":{"allow":["GET"]}}],"collection":[{"href":"https:\/\/www.milliconcept.fi\/huonekalut\/wp-json\/wp\/v2\/product"}],"about":[{"href":"https:\/\/www.milliconcept.fi\/huonekalut\/wp-json\/wp\/v2\/types\/product"}],"wp:featuredmedia":[{"embeddable":true,"href":"https:\/\/www.milliconcept.fi\/huonekalut\/wp-json\/wp\/v2\/media\/164"}],"wp:attachment":[{"href":"https:\/\/www.milliconcept.fi\/huonekalut\/wp-json\/wp\/v2\/media?parent=623"}],"curies":[{"name":"wp","href":"https:\/\/api.w.org\/{rel}","templated":true}]}}