{"id":74,"date":"2025-06-30T11:51:48","date_gmt":"2025-06-30T08:51:48","guid":{"rendered":"https:\/\/www.milliconcept.fi\/huonekalut\/?post_type=product&#038;p=74"},"modified":"2025-11-17T15:35:23","modified_gmt":"2025-11-17T13:35:23","slug":"harmaa-tammi","status":"publish","type":"product","link":"https:\/\/www.milliconcept.fi\/huonekalut\/tuotteet\/harmaa-tammi\/","title":{"rendered":"Harmaa tammi"},"content":{"rendered":"\n<p>Ihana harmaaseen taittava tammikuosi. Sopii ihanasti saman s\u00e4vyiseen lattiaan tai vaikka kelohirren pariksi.<\/p>\n\n\n\n<div class=\"wp-block-cover is-light\" style=\"min-height:50px;aspect-ratio:unset;\"><span aria-hidden=\"true\" class=\"wp-block-cover__background has-hiekka-background-color has-background-dim-100 has-background-dim\"><\/span><div class=\"wp-block-cover__inner-container is-layout-constrained wp-block-cover-is-layout-constrained\">\n<div class=\"wp-block-columns is-not-stacked-on-mobile is-style-no-gap is-layout-flex wp-container-core-columns-is-layout-9d6595d7 wp-block-columns-is-layout-flex\">\n<div class=\"wp-block-column is-layout-flow wp-block-column-is-layout-flow\" style=\"flex-basis:90px\">\n<figure class=\"wp-block-image size-large\"><img decoding=\"async\" src=\"https:\/\/www.milliconcept.fi\/wp-content\/uploads\/2025\/05\/47d4a3236f7fdc5212f5d596f39c2e47330d9544-kopio-1-613x1024.jpg\" alt=\"\" class=\"wp-image-248\"\/><\/figure>\n<\/div>\n\n\n\n<div class=\"wp-block-column is-layout-flow wp-block-column-is-layout-flow\" style=\"flex-basis:18px\"><\/div>\n\n\n\n<div class=\"wp-block-column is-vertically-aligned-bottom is-layout-flow wp-block-column-is-layout-flow\">\n<h4 class=\"wp-block-heading is-style-dm-mono is-style-dm-serif\">Inspiroiduitko?<\/h4>\n\n\n\n<p>Aloitetaan suunnittelu jo t\u00e4n\u00e4\u00e4n!<\/p>\n\n\n\n<div class=\"wp-block-buttons is-style-hide-on-mobile is-layout-flex wp-block-buttons-is-layout-flex\">\n<div class=\"wp-block-button is-style-plus\"><a class=\"wp-block-button__link wp-element-button\" href=\"https:\/\/www.milliconcept.fi\/varaa-suunnitteluaika\/\">Varaa suunnitteluaika<\/a><\/div>\n<\/div>\n<\/div>\n<\/div>\n\n\n\n<div class=\"wp-block-buttons is-style-hide-on-desktop is-layout-flex wp-block-buttons-is-layout-flex\">\n<div class=\"wp-block-button is-style-plus\"><a class=\"wp-block-button__link wp-element-button\">Varaa suunnitteluaika<\/a><\/div>\n<\/div>\n<\/div><\/div>\n","protected":false},"featured_media":1171,"template":"","class_list":["post-74","product","type-product","status-publish","has-post-thumbnail","hentry","product_category-varit-ja-materiaalit"],"acf":[],"yoast_head":"<!-- This site is optimized with the Yoast SEO plugin v27.4 - https:\/\/yoast.com\/product\/yoast-seo-wordpress\/ -->\n<title>Harmaa tammi - Milli Concept Huonekalut<\/title>\n<meta name=\"robots\" content=\"index, follow, max-snippet:-1, max-image-preview:large, max-video-preview:-1\" \/>\n<link rel=\"canonical\" href=\"https:\/\/www.milliconcept.fi\/huonekalut\/tuotteet\/harmaa-tammi\/\" \/>\n<meta property=\"og:locale\" content=\"fi_FI\" \/>\n<meta property=\"og:type\" content=\"article\" \/>\n<meta property=\"og:title\" content=\"Harmaa tammi - Milli Concept Huonekalut\" \/>\n<meta property=\"og:description\" content=\"Ihana harmaaseen taittava tammikuosi. Sopii ihanasti saman s\u00e4vyiseen lattiaan tai vaikka kelohirren pariksi.\" \/>\n<meta property=\"og:url\" content=\"https:\/\/www.milliconcept.fi\/huonekalut\/tuotteet\/harmaa-tammi\/\" \/>\n<meta property=\"og:site_name\" content=\"Milli Concept Huonekalut\" \/>\n<meta property=\"article:modified_time\" content=\"2025-11-17T13:35:23+00:00\" \/>\n<meta property=\"og:image\" content=\"https:\/\/www.milliconcept.fi\/huonekalut\/wp-content\/uploads\/sites\/3\/2025\/06\/KOSKIMEL-061-Aragon-Oak-2788-GL-WG-HIRES-scaled-1.jpg\" \/>\n\t<meta property=\"og:image:width\" content=\"1707\" \/>\n\t<meta property=\"og:image:height\" content=\"2560\" \/>\n\t<meta property=\"og:image:type\" content=\"image\/jpeg\" \/>\n<meta name=\"twitter:card\" content=\"summary_large_image\" \/>\n<meta name=\"twitter:label1\" content=\"Arvioitu lukuaika\" \/>\n\t<meta name=\"twitter:data1\" content=\"1 minuutti\" \/>\n<script type=\"application\/ld+json\" class=\"yoast-schema-graph\">{\"@context\":\"https:\\\/\\\/schema.org\",\"@graph\":[{\"@type\":\"WebPage\",\"@id\":\"https:\\\/\\\/www.milliconcept.fi\\\/huonekalut\\\/tuotteet\\\/harmaa-tammi\\\/\",\"url\":\"https:\\\/\\\/www.milliconcept.fi\\\/huonekalut\\\/tuotteet\\\/harmaa-tammi\\\/\",\"name\":\"Harmaa tammi - Milli Concept Huonekalut\",\"isPartOf\":{\"@id\":\"https:\\\/\\\/www.milliconcept.fi\\\/huonekalut\\\/#website\"},\"primaryImageOfPage\":{\"@id\":\"https:\\\/\\\/www.milliconcept.fi\\\/huonekalut\\\/tuotteet\\\/harmaa-tammi\\\/#primaryimage\"},\"image\":{\"@id\":\"https:\\\/\\\/www.milliconcept.fi\\\/huonekalut\\\/tuotteet\\\/harmaa-tammi\\\/#primaryimage\"},\"thumbnailUrl\":\"https:\\\/\\\/www.milliconcept.fi\\\/huonekalut\\\/wp-content\\\/uploads\\\/sites\\\/3\\\/2025\\\/06\\\/KOSKIMEL-061-Aragon-Oak-2788-GL-WG-HIRES-scaled-1.jpg\",\"datePublished\":\"2025-06-30T08:51:48+00:00\",\"dateModified\":\"2025-11-17T13:35:23+00:00\",\"breadcrumb\":{\"@id\":\"https:\\\/\\\/www.milliconcept.fi\\\/huonekalut\\\/tuotteet\\\/harmaa-tammi\\\/#breadcrumb\"},\"inLanguage\":\"fi\",\"potentialAction\":[{\"@type\":\"ReadAction\",\"target\":[\"https:\\\/\\\/www.milliconcept.fi\\\/huonekalut\\\/tuotteet\\\/harmaa-tammi\\\/\"]}]},{\"@type\":\"ImageObject\",\"inLanguage\":\"fi\",\"@id\":\"https:\\\/\\\/www.milliconcept.fi\\\/huonekalut\\\/tuotteet\\\/harmaa-tammi\\\/#primaryimage\",\"url\":\"https:\\\/\\\/www.milliconcept.fi\\\/huonekalut\\\/wp-content\\\/uploads\\\/sites\\\/3\\\/2025\\\/06\\\/KOSKIMEL-061-Aragon-Oak-2788-GL-WG-HIRES-scaled-1.jpg\",\"contentUrl\":\"https:\\\/\\\/www.milliconcept.fi\\\/huonekalut\\\/wp-content\\\/uploads\\\/sites\\\/3\\\/2025\\\/06\\\/KOSKIMEL-061-Aragon-Oak-2788-GL-WG-HIRES-scaled-1.jpg\",\"width\":1707,\"height\":2560},{\"@type\":\"BreadcrumbList\",\"@id\":\"https:\\\/\\\/www.milliconcept.fi\\\/huonekalut\\\/tuotteet\\\/harmaa-tammi\\\/#breadcrumb\",\"itemListElement\":[{\"@type\":\"ListItem\",\"position\":1,\"name\":\"Etusivu\",\"item\":\"https:\\\/\\\/www.milliconcept.fi\\\/huonekalut\\\/\"},{\"@type\":\"ListItem\",\"position\":2,\"name\":\"Tuotteet\",\"item\":\"https:\\\/\\\/www.milliconcept.fi\\\/huonekalut\\\/tuotteet\\\/\"},{\"@type\":\"ListItem\",\"position\":3,\"name\":\"Harmaa tammi\"}]},{\"@type\":\"WebSite\",\"@id\":\"https:\\\/\\\/www.milliconcept.fi\\\/huonekalut\\\/#website\",\"url\":\"https:\\\/\\\/www.milliconcept.fi\\\/huonekalut\\\/\",\"name\":\"Milli Concept Huonekalut\",\"description\":\"\",\"potentialAction\":[{\"@type\":\"SearchAction\",\"target\":{\"@type\":\"EntryPoint\",\"urlTemplate\":\"https:\\\/\\\/www.milliconcept.fi\\\/huonekalut\\\/?s={search_term_string}\"},\"query-input\":{\"@type\":\"PropertyValueSpecification\",\"valueRequired\":true,\"valueName\":\"search_term_string\"}}],\"inLanguage\":\"fi\"}]}<\/script>\n<!-- \/ Yoast SEO plugin. -->","yoast_head_json":{"title":"Harmaa tammi - Milli Concept Huonekalut","robots":{"index":"index","follow":"follow","max-snippet":"max-snippet:-1","max-image-preview":"max-image-preview:large","max-video-preview":"max-video-preview:-1"},"canonical":"https:\/\/www.milliconcept.fi\/huonekalut\/tuotteet\/harmaa-tammi\/","og_locale":"fi_FI","og_type":"article","og_title":"Harmaa tammi - Milli Concept Huonekalut","og_description":"Ihana harmaaseen taittava tammikuosi. Sopii ihanasti saman s\u00e4vyiseen lattiaan tai vaikka kelohirren pariksi.","og_url":"https:\/\/www.milliconcept.fi\/huonekalut\/tuotteet\/harmaa-tammi\/","og_site_name":"Milli Concept Huonekalut","article_modified_time":"2025-11-17T13:35:23+00:00","og_image":[{"width":1707,"height":2560,"url":"https:\/\/www.milliconcept.fi\/huonekalut\/wp-content\/uploads\/sites\/3\/2025\/06\/KOSKIMEL-061-Aragon-Oak-2788-GL-WG-HIRES-scaled-1.jpg","type":"image\/jpeg"}],"twitter_card":"summary_large_image","twitter_misc":{"Arvioitu lukuaika":"1 minuutti"},"schema":{"@context":"https:\/\/schema.org","@graph":[{"@type":"WebPage","@id":"https:\/\/www.milliconcept.fi\/huonekalut\/tuotteet\/harmaa-tammi\/","url":"https:\/\/www.milliconcept.fi\/huonekalut\/tuotteet\/harmaa-tammi\/","name":"Harmaa tammi - Milli Concept Huonekalut","isPartOf":{"@id":"https:\/\/www.milliconcept.fi\/huonekalut\/#website"},"primaryImageOfPage":{"@id":"https:\/\/www.milliconcept.fi\/huonekalut\/tuotteet\/harmaa-tammi\/#primaryimage"},"image":{"@id":"https:\/\/www.milliconcept.fi\/huonekalut\/tuotteet\/harmaa-tammi\/#primaryimage"},"thumbnailUrl":"https:\/\/www.milliconcept.fi\/huonekalut\/wp-content\/uploads\/sites\/3\/2025\/06\/KOSKIMEL-061-Aragon-Oak-2788-GL-WG-HIRES-scaled-1.jpg","datePublished":"2025-06-30T08:51:48+00:00","dateModified":"2025-11-17T13:35:23+00:00","breadcrumb":{"@id":"https:\/\/www.milliconcept.fi\/huonekalut\/tuotteet\/harmaa-tammi\/#breadcrumb"},"inLanguage":"fi","potentialAction":[{"@type":"ReadAction","target":["https:\/\/www.milliconcept.fi\/huonekalut\/tuotteet\/harmaa-tammi\/"]}]},{"@type":"ImageObject","inLanguage":"fi","@id":"https:\/\/www.milliconcept.fi\/huonekalut\/tuotteet\/harmaa-tammi\/#primaryimage","url":"https:\/\/www.milliconcept.fi\/huonekalut\/wp-content\/uploads\/sites\/3\/2025\/06\/KOSKIMEL-061-Aragon-Oak-2788-GL-WG-HIRES-scaled-1.jpg","contentUrl":"https:\/\/www.milliconcept.fi\/huonekalut\/wp-content\/uploads\/sites\/3\/2025\/06\/KOSKIMEL-061-Aragon-Oak-2788-GL-WG-HIRES-scaled-1.jpg","width":1707,"height":2560},{"@type":"BreadcrumbList","@id":"https:\/\/www.milliconcept.fi\/huonekalut\/tuotteet\/harmaa-tammi\/#breadcrumb","itemListElement":[{"@type":"ListItem","position":1,"name":"Etusivu","item":"https:\/\/www.milliconcept.fi\/huonekalut\/"},{"@type":"ListItem","position":2,"name":"Tuotteet","item":"https:\/\/www.milliconcept.fi\/huonekalut\/tuotteet\/"},{"@type":"ListItem","position":3,"name":"Harmaa tammi"}]},{"@type":"WebSite","@id":"https:\/\/www.milliconcept.fi\/huonekalut\/#website","url":"https:\/\/www.milliconcept.fi\/huonekalut\/","name":"Milli Concept Huonekalut","description":"","potentialAction":[{"@type":"SearchAction","target":{"@type":"EntryPoint","urlTemplate":"https:\/\/www.milliconcept.fi\/huonekalut\/?s={search_term_string}"},"query-input":{"@type":"PropertyValueSpecification","valueRequired":true,"valueName":"search_term_string"}}],"inLanguage":"fi"}]}},"_links":{"self":[{"href":"https:\/\/www.milliconcept.fi\/huonekalut\/wp-json\/wp\/v2\/product\/74","targetHints":{"allow":["GET"]}}],"collection":[{"href":"https:\/\/www.milliconcept.fi\/huonekalut\/wp-json\/wp\/v2\/product"}],"about":[{"href":"https:\/\/www.milliconcept.fi\/huonekalut\/wp-json\/wp\/v2\/types\/product"}],"wp:featuredmedia":[{"embeddable":true,"href":"https:\/\/www.milliconcept.fi\/huonekalut\/wp-json\/wp\/v2\/media\/1171"}],"wp:attachment":[{"href":"https:\/\/www.milliconcept.fi\/huonekalut\/wp-json\/wp\/v2\/media?parent=74"}],"curies":[{"name":"wp","href":"https:\/\/api.w.org\/{rel}","templated":true}]}}